{"id":1616,"date":"2021-05-05T09:21:03","date_gmt":"2021-05-05T07:21:03","guid":{"rendered":"https:\/\/www.lesoiseaux.ch\/?page_id=1616"},"modified":"2025-03-06T08:44:38","modified_gmt":"2025-03-06T07:44:38","slug":"bed-breakfast-estavayer-le-lac","status":"publish","type":"page","link":"https:\/\/www.lesoiseaux.ch\/de\/bed-breakfast-estavayer-le-lac\/","title":{"rendered":"Vorstelllung"},"content":{"rendered":"<p>[et_pb_section fb_built=&#8220;1&#8243; fullwidth=&#8220;on&#8220; _builder_version=&#8220;4.16&#8243; background_image=&#8220;https:\/\/www.lesoiseaux.ch\/wp-content\/uploads\/2021\/04\/090A4592-min.jpg&#8220; collapsed=&#8220;off&#8220; global_colors_info=&#8220;{}&#8220;][et_pb_fullwidth_slider module_class=&#8220;Slider-interne&#8220; _builder_version=&#8220;4.25.1&#8243; hover_enabled=&#8220;0&#8243; global_colors_info=&#8220;{}&#8220; button_text_size__hover_enabled=&#8220;off&#8220; button_one_text_size__hover_enabled=&#8220;off&#8220; button_two_text_size__hover_enabled=&#8220;off&#8220; button_text_color__hover_enabled=&#8220;off&#8220; button_one_text_color__hover_enabled=&#8220;off&#8220; button_two_text_color__hover_enabled=&#8220;off&#8220; button_border_width__hover_enabled=&#8220;off&#8220; button_one_border_width__hover_enabled=&#8220;off&#8220; button_two_border_width__hover_enabled=&#8220;off&#8220; button_border_color__hover_enabled=&#8220;off&#8220; button_one_border_color__hover_enabled=&#8220;off&#8220; button_two_border_color__hover_enabled=&#8220;off&#8220; button_border_radius__hover_enabled=&#8220;off&#8220; button_one_border_radius__hover_enabled=&#8220;off&#8220; button_two_border_radius__hover_enabled=&#8220;off&#8220; button_letter_spacing__hover_enabled=&#8220;off&#8220; button_one_letter_spacing__hover_enabled=&#8220;off&#8220; button_two_letter_spacing__hover_enabled=&#8220;off&#8220; button_bg_color__hover_enabled=&#8220;off&#8220; button_one_bg_color__hover_enabled=&#8220;off&#8220; button_two_bg_color__hover_enabled=&#8220;off&#8220; sticky_enabled=&#8220;0&#8243;][et_pb_slide use_bg_overlay=&#8220;on&#8220; use_text_overlay=&#8220;off&#8220; _builder_version=&#8220;4.25.1&#8243; background_color=&#8220;#ffffff&#8220; background_image=&#8220;https:\/\/www.lesoiseaux.ch\/wp-content\/uploads\/2021\/04\/090A4668-min.jpg&#8220; background_enable_image=&#8220;on&#8220; button_on_hover=&#8220;on&#8220; hover_enabled=&#8220;0&#8243; global_colors_info=&#8220;{}&#8220; button_text_size__hover_enabled=&#8220;off&#8220; button_one_text_size__hover_enabled=&#8220;off&#8220; button_two_text_size__hover_enabled=&#8220;off&#8220; button_text_color__hover_enabled=&#8220;off&#8220; button_one_text_color__hover_enabled=&#8220;off&#8220; button_two_text_color__hover_enabled=&#8220;off&#8220; button_border_width__hover_enabled=&#8220;off&#8220; button_one_border_width__hover_enabled=&#8220;off&#8220; button_two_border_width__hover_enabled=&#8220;off&#8220; button_border_color__hover_enabled=&#8220;off&#8220; button_one_border_color__hover_enabled=&#8220;off&#8220; button_two_border_color__hover_enabled=&#8220;off&#8220; button_border_radius__hover_enabled=&#8220;off&#8220; button_one_border_radius__hover_enabled=&#8220;off&#8220; button_two_border_radius__hover_enabled=&#8220;off&#8220; button_letter_spacing__hover_enabled=&#8220;off&#8220; button_one_letter_spacing__hover_enabled=&#8220;off&#8220; button_two_letter_spacing__hover_enabled=&#8220;off&#8220; button_bg_color__hover_enabled=&#8220;off&#8220; button_one_bg_color__hover_enabled=&#8220;off&#8220; button_two_bg_color__hover_enabled=&#8220;off&#8220; sticky_transition=&#8220;on&#8220; sticky_enabled=&#8220;0&#8243;]<\/p>\n<div class=\"contenu\">\n<h2 style=\"text-align: left;\">Das Vergn\u00fcgen und die Stille<\/h2>\n<p style=\"text-align: justify;\">In diesem charmanten und stilvollen &#8211; Bed &amp; Breakfast &#8211; sind 3 Zimmer, die auf ihren Besuch warten.<\/p>\n<p style=\"text-align: justify;\">In der politischen Gemeinde von\u00a0Estavayer-le-Lac gelegen, 4 Km von der mittelalterlichen Siedlung entfernt und mit seiner touristischen Infrastruktur, werden sie von Pierre und Florence herzlich empfangen.<\/p>\n<p style=\"text-align: justify;\">Die singenden V\u00f6gel, die gesch\u00fctzte Natur und die N\u00e4he von verschiedenen\u00a0Interessengebieten werden ihrem\u00a0Aufenthalt privilegierte Augenblicke bescheren.<\/p>\n<p style=\"text-align: justify;\">Auf ihrem Tisch werden sie Produkte aus dem Garten geniessen, Eier von unseren H\u00fchnern, Fr\u00fcchte von unserem Obstgarten, Brot, Joghurt und die hausgemachte Konfit\u00fcre werden neben vielen anderen Produkten unseres Gebietes auch\u00a0zu finden sein.\u00a0Mit Freude wird Florence ihnen, unter\u00a0anderem, ein feines Fr\u00fchst\u00fcck bereitstellen, das sie je nach Lust, im Garten (im\u00a0Schatten) oder im wunderbaren Esszimmer einnehmen k\u00f6nnen.<\/p>\n<p style=\"text-align: justify;\"><strong><a href=\"https:\/\/www.lesoiseaux.ch\/de\/bb-broye-freiburg-schweiz\/\" target=\"_blank\" rel=\"noopener\">Dann k\u00f6nnen sie die Region entdecken<\/a><\/strong>, <strong><a href=\"https:\/\/www.lesoiseaux.ch\/de\/biber-entdecken\/\" target=\"_blank\" rel=\"noopener\">sich im Wasser vergn\u00fcgen, am Strand gem\u00fctlich die Sonne geniessen oder im Garten ein Sonnenbad nehmen<\/a>.<\/strong> Teilnehmen an einem<strong> Lehrgang in einem Atelier, am Ende des Tages die Fauna beobachten<\/strong>, einen feinen<strong> Wein von Vully degustieren<\/strong> oder ganz einfach nichts tun und sich im Whirlpool verw\u00f6hnen lassen.<\/span><\/p>\n<\/div>\n<p>[\/et_pb_slide][\/et_pb_fullwidth_slider][et_pb_fullwidth_code module_class=&#8220;titre&#8220; _builder_version=&#8220;4.25.1&#8243; _module_preset=&#8220;default&#8220; global_colors_info=&#8220;{}&#8220;]<\/p>\n<h1><!-- [et_pb_line_break_holder] -->  Bed &#038; Breakfast Les Oiseaux in Estavayer-le-Lac, Schweiz<!-- [et_pb_line_break_holder] --><\/h1>\n<p>[\/et_pb_fullwidth_code][\/et_pb_section]<\/p>\n","protected":false},"excerpt":{"rendered":"<p>Das Vergn\u00fcgen und die Stille In diesem charmanten und stilvollen &#8211; Bed &amp; Breakfast &#8211; sind 3 Zimmer, die auf ihren Besuch warten. In der politischen Gemeinde von\u00a0Estavayer-le-Lac gelegen, 4 Km von der mittelalterlichen Siedlung entfernt und mit seiner touristischen Infrastruktur, werden sie von Pierre und Florence herzlich empfangen. Die singenden V\u00f6gel, die gesch\u00fctzte Natur [&hellip;]<\/p>\n","protected":false},"author":1,"featured_media":0,"parent":0,"menu_order":2,"comment_status":"closed","ping_status":"closed","template":"","meta":{"_et_pb_use_builder":"on","_et_pb_old_content":"","_et_gb_content_width":"","footnotes":""},"class_list":["post-1616","page","type-page","status-publish","hentry"],"yoast_head":"<!-- This site is optimized with the Yoast SEO plugin v27.6 - https:\/\/yoast.com\/product\/yoast-seo-wordpress\/ -->\n<title>Bed &amp; Breakfast Les Oiseaux |\u00a0Bed &amp; Breakfast in Estavayer-le-Lac<\/title>\n<meta name=\"description\" content=\"Das Bed &amp; Breakfast Les Oiseaux, 4 km von der mittelalterlichen Stadt Estavayer-le-lac im Kanton Freiburg in der Schweiz entfernt, hei\u00dft Sie in seiner gr\u00fcnen Umgebung mit Leichtigkeit willkommen.\u00a0Gourmet-Fr\u00fchst\u00fcck, Gartenprodukte, Bio-Eier, hausgemachtes Brot.\u00a0Spa.\u00a0Elektrofahrr\u00e4der.\" \/>\n<meta name=\"robots\" content=\"index, follow, max-snippet:-1, max-image-preview:large, max-video-preview:-1\" \/>\n<link rel=\"canonical\" href=\"https:\/\/www.lesoiseaux.ch\/de\/bed-breakfast-estavayer-le-lac\/\" \/>\n<meta property=\"og:locale\" content=\"de_DE\" \/>\n<meta property=\"og:type\" content=\"article\" \/>\n<meta property=\"og:title\" content=\"Bed &amp; Breakfast Les Oiseaux |\u00a0Bed &amp; Breakfast in Estavayer-le-Lac\" \/>\n<meta property=\"og:description\" content=\"Das Bed &amp; Breakfast Les Oiseaux, 4 km von der mittelalterlichen Stadt Estavayer-le-lac im Kanton Freiburg in der Schweiz entfernt, hei\u00dft Sie in seiner gr\u00fcnen Umgebung mit Leichtigkeit willkommen.\u00a0Gourmet-Fr\u00fchst\u00fcck, Gartenprodukte, Bio-Eier, hausgemachtes Brot.\u00a0Spa.\u00a0Elektrofahrr\u00e4der.\" \/>\n<meta property=\"og:url\" content=\"https:\/\/www.lesoiseaux.ch\/de\/bed-breakfast-estavayer-le-lac\/\" \/>\n<meta property=\"og:site_name\" content=\"B&amp;B Les oiseaux\" \/>\n<meta property=\"article:modified_time\" content=\"2025-03-06T07:44:38+00:00\" \/>\n<meta name=\"twitter:card\" content=\"summary_large_image\" \/>\n<meta name=\"twitter:label1\" content=\"Gesch\u00e4tzte Lesezeit\" \/>\n\t<meta name=\"twitter:data1\" content=\"1\u00a0Minute\" \/>\n<script type=\"application\/ld+json\" class=\"yoast-schema-graph\">{\"@context\":\"https:\\\/\\\/schema.org\",\"@graph\":[{\"@type\":\"WebPage\",\"@id\":\"https:\\\/\\\/www.lesoiseaux.ch\\\/de\\\/bed-breakfast-estavayer-le-lac\\\/\",\"url\":\"https:\\\/\\\/www.lesoiseaux.ch\\\/de\\\/bed-breakfast-estavayer-le-lac\\\/\",\"name\":\"Bed & Breakfast Les Oiseaux |\u00a0Bed & Breakfast in Estavayer-le-Lac\",\"isPartOf\":{\"@id\":\"https:\\\/\\\/www.lesoiseaux.ch\\\/#website\"},\"datePublished\":\"2021-05-05T07:21:03+00:00\",\"dateModified\":\"2025-03-06T07:44:38+00:00\",\"description\":\"Das Bed & Breakfast Les Oiseaux, 4 km von der mittelalterlichen Stadt Estavayer-le-lac im Kanton Freiburg in der Schweiz entfernt, hei\u00dft Sie in seiner gr\u00fcnen Umgebung mit Leichtigkeit willkommen.\u00a0Gourmet-Fr\u00fchst\u00fcck, Gartenprodukte, Bio-Eier, hausgemachtes Brot.\u00a0Spa.\u00a0Elektrofahrr\u00e4der.\",\"breadcrumb\":{\"@id\":\"https:\\\/\\\/www.lesoiseaux.ch\\\/de\\\/bed-breakfast-estavayer-le-lac\\\/#breadcrumb\"},\"inLanguage\":\"de\",\"potentialAction\":[{\"@type\":\"ReadAction\",\"target\":[\"https:\\\/\\\/www.lesoiseaux.ch\\\/de\\\/bed-breakfast-estavayer-le-lac\\\/\"]}]},{\"@type\":\"BreadcrumbList\",\"@id\":\"https:\\\/\\\/www.lesoiseaux.ch\\\/de\\\/bed-breakfast-estavayer-le-lac\\\/#breadcrumb\",\"itemListElement\":[{\"@type\":\"ListItem\",\"position\":1,\"name\":\"Accueil\",\"item\":\"https:\\\/\\\/www.lesoiseaux.ch\\\/de\\\/\"},{\"@type\":\"ListItem\",\"position\":2,\"name\":\"Vorstelllung\"}]},{\"@type\":\"WebSite\",\"@id\":\"https:\\\/\\\/www.lesoiseaux.ch\\\/#website\",\"url\":\"https:\\\/\\\/www.lesoiseaux.ch\\\/\",\"name\":\"B&amp;B Les oiseaux\",\"description\":\"Et si le luxe c&#039;\u00e9tait le temps ?\",\"potentialAction\":[{\"@type\":\"SearchAction\",\"target\":{\"@type\":\"EntryPoint\",\"urlTemplate\":\"https:\\\/\\\/www.lesoiseaux.ch\\\/?s={search_term_string}\"},\"query-input\":{\"@type\":\"PropertyValueSpecification\",\"valueRequired\":true,\"valueName\":\"search_term_string\"}}],\"inLanguage\":\"de\"}]}<\/script>\n<!-- \/ Yoast SEO plugin. -->","yoast_head_json":{"title":"Bed & Breakfast Les Oiseaux |\u00a0Bed & Breakfast in Estavayer-le-Lac","description":"Das Bed & Breakfast Les Oiseaux, 4 km von der mittelalterlichen Stadt Estavayer-le-lac im Kanton Freiburg in der Schweiz entfernt, hei\u00dft Sie in seiner gr\u00fcnen Umgebung mit Leichtigkeit willkommen.\u00a0Gourmet-Fr\u00fchst\u00fcck, Gartenprodukte, Bio-Eier, hausgemachtes Brot.\u00a0Spa.\u00a0Elektrofahrr\u00e4der.","robots":{"index":"index","follow":"follow","max-snippet":"max-snippet:-1","max-image-preview":"max-image-preview:large","max-video-preview":"max-video-preview:-1"},"canonical":"https:\/\/www.lesoiseaux.ch\/de\/bed-breakfast-estavayer-le-lac\/","og_locale":"de_DE","og_type":"article","og_title":"Bed & Breakfast Les Oiseaux |\u00a0Bed & Breakfast in Estavayer-le-Lac","og_description":"Das Bed & Breakfast Les Oiseaux, 4 km von der mittelalterlichen Stadt Estavayer-le-lac im Kanton Freiburg in der Schweiz entfernt, hei\u00dft Sie in seiner gr\u00fcnen Umgebung mit Leichtigkeit willkommen.\u00a0Gourmet-Fr\u00fchst\u00fcck, Gartenprodukte, Bio-Eier, hausgemachtes Brot.\u00a0Spa.\u00a0Elektrofahrr\u00e4der.","og_url":"https:\/\/www.lesoiseaux.ch\/de\/bed-breakfast-estavayer-le-lac\/","og_site_name":"B&amp;B Les oiseaux","article_modified_time":"2025-03-06T07:44:38+00:00","twitter_card":"summary_large_image","twitter_misc":{"Gesch\u00e4tzte Lesezeit":"1\u00a0Minute"},"schema":{"@context":"https:\/\/schema.org","@graph":[{"@type":"WebPage","@id":"https:\/\/www.lesoiseaux.ch\/de\/bed-breakfast-estavayer-le-lac\/","url":"https:\/\/www.lesoiseaux.ch\/de\/bed-breakfast-estavayer-le-lac\/","name":"Bed & Breakfast Les Oiseaux |\u00a0Bed & Breakfast in Estavayer-le-Lac","isPartOf":{"@id":"https:\/\/www.lesoiseaux.ch\/#website"},"datePublished":"2021-05-05T07:21:03+00:00","dateModified":"2025-03-06T07:44:38+00:00","description":"Das Bed & Breakfast Les Oiseaux, 4 km von der mittelalterlichen Stadt Estavayer-le-lac im Kanton Freiburg in der Schweiz entfernt, hei\u00dft Sie in seiner gr\u00fcnen Umgebung mit Leichtigkeit willkommen.\u00a0Gourmet-Fr\u00fchst\u00fcck, Gartenprodukte, Bio-Eier, hausgemachtes Brot.\u00a0Spa.\u00a0Elektrofahrr\u00e4der.","breadcrumb":{"@id":"https:\/\/www.lesoiseaux.ch\/de\/bed-breakfast-estavayer-le-lac\/#breadcrumb"},"inLanguage":"de","potentialAction":[{"@type":"ReadAction","target":["https:\/\/www.lesoiseaux.ch\/de\/bed-breakfast-estavayer-le-lac\/"]}]},{"@type":"BreadcrumbList","@id":"https:\/\/www.lesoiseaux.ch\/de\/bed-breakfast-estavayer-le-lac\/#breadcrumb","itemListElement":[{"@type":"ListItem","position":1,"name":"Accueil","item":"https:\/\/www.lesoiseaux.ch\/de\/"},{"@type":"ListItem","position":2,"name":"Vorstelllung"}]},{"@type":"WebSite","@id":"https:\/\/www.lesoiseaux.ch\/#website","url":"https:\/\/www.lesoiseaux.ch\/","name":"B&amp;B Les oiseaux","description":"Et si le luxe c&#039;\u00e9tait le temps ?","potentialAction":[{"@type":"SearchAction","target":{"@type":"EntryPoint","urlTemplate":"https:\/\/www.lesoiseaux.ch\/?s={search_term_string}"},"query-input":{"@type":"PropertyValueSpecification","valueRequired":true,"valueName":"search_term_string"}}],"inLanguage":"de"}]}},"_links":{"self":[{"href":"https:\/\/www.lesoiseaux.ch\/de\/wp-json\/wp\/v2\/pages\/1616","targetHints":{"allow":["GET"]}}],"collection":[{"href":"https:\/\/www.lesoiseaux.ch\/de\/wp-json\/wp\/v2\/pages"}],"about":[{"href":"https:\/\/www.lesoiseaux.ch\/de\/wp-json\/wp\/v2\/types\/page"}],"author":[{"embeddable":true,"href":"https:\/\/www.lesoiseaux.ch\/de\/wp-json\/wp\/v2\/users\/1"}],"replies":[{"embeddable":true,"href":"https:\/\/www.lesoiseaux.ch\/de\/wp-json\/wp\/v2\/comments?post=1616"}],"version-history":[{"count":14,"href":"https:\/\/www.lesoiseaux.ch\/de\/wp-json\/wp\/v2\/pages\/1616\/revisions"}],"predecessor-version":[{"id":2913,"href":"https:\/\/www.lesoiseaux.ch\/de\/wp-json\/wp\/v2\/pages\/1616\/revisions\/2913"}],"wp:attachment":[{"href":"https:\/\/www.lesoiseaux.ch\/de\/wp-json\/wp\/v2\/media?parent=1616"}],"curies":[{"name":"wp","href":"https:\/\/api.w.org\/{rel}","templated":true}]}}