{"id":1625,"date":"2021-05-05T09:25:34","date_gmt":"2021-05-05T07:25:34","guid":{"rendered":"https:\/\/www.lesoiseaux.ch\/?page_id=1625"},"modified":"2025-03-04T13:04:33","modified_gmt":"2025-03-04T12:04:33","slug":"bb-broye-freiburg-schweiz","status":"publish","type":"page","link":"https:\/\/www.lesoiseaux.ch\/de\/bb-broye-freiburg-schweiz\/","title":{"rendered":"Die Region"},"content":{"rendered":"<p>[et_pb_section fb_built=&#8220;1&#8243; fullwidth=&#8220;on&#8220; _builder_version=&#8220;4.16&#8243; background_image=&#8220;https:\/\/www.lesoiseaux.ch\/wp-content\/uploads\/2021\/04\/090A4680-min.jpg&#8220; global_colors_info=&#8220;{}&#8220;][et_pb_fullwidth_slider module_class=&#8220;Slider-interne&#8220; _builder_version=&#8220;4.16&#8243; global_colors_info=&#8220;{}&#8220; button_text_size__hover_enabled=&#8220;off&#8220; button_one_text_size__hover_enabled=&#8220;off&#8220; button_two_text_size__hover_enabled=&#8220;off&#8220; button_text_color__hover_enabled=&#8220;off&#8220; button_one_text_color__hover_enabled=&#8220;off&#8220; button_two_text_color__hover_enabled=&#8220;off&#8220; button_border_width__hover_enabled=&#8220;off&#8220; button_one_border_width__hover_enabled=&#8220;off&#8220; button_two_border_width__hover_enabled=&#8220;off&#8220; button_border_color__hover_enabled=&#8220;off&#8220; button_one_border_color__hover_enabled=&#8220;off&#8220; button_two_border_color__hover_enabled=&#8220;off&#8220; button_border_radius__hover_enabled=&#8220;off&#8220; button_one_border_radius__hover_enabled=&#8220;off&#8220; button_two_border_radius__hover_enabled=&#8220;off&#8220; button_letter_spacing__hover_enabled=&#8220;off&#8220; button_one_letter_spacing__hover_enabled=&#8220;off&#8220; button_two_letter_spacing__hover_enabled=&#8220;off&#8220; button_bg_color__hover_enabled=&#8220;off&#8220; button_one_bg_color__hover_enabled=&#8220;off&#8220; button_two_bg_color__hover_enabled=&#8220;off&#8220;][et_pb_slide use_bg_overlay=&#8220;on&#8220; use_text_overlay=&#8220;off&#8220; _builder_version=&#8220;4.16&#8243; background_color=&#8220;#ffffff&#8220; background_image=&#8220;https:\/\/www.lesoiseaux.ch\/wp-content\/uploads\/2021\/04\/090A4680-min.jpg&#8220; background_enable_image=&#8220;on&#8220; button_on_hover=&#8220;on&#8220; global_colors_info=&#8220;{}&#8220; button_text_size__hover_enabled=&#8220;off&#8220; button_one_text_size__hover_enabled=&#8220;off&#8220; button_two_text_size__hover_enabled=&#8220;off&#8220; button_text_color__hover_enabled=&#8220;off&#8220; button_one_text_color__hover_enabled=&#8220;off&#8220; button_two_text_color__hover_enabled=&#8220;off&#8220; button_border_width__hover_enabled=&#8220;off&#8220; button_one_border_width__hover_enabled=&#8220;off&#8220; button_two_border_width__hover_enabled=&#8220;off&#8220; button_border_color__hover_enabled=&#8220;off&#8220; button_one_border_color__hover_enabled=&#8220;off&#8220; button_two_border_color__hover_enabled=&#8220;off&#8220; button_border_radius__hover_enabled=&#8220;off&#8220; button_one_border_radius__hover_enabled=&#8220;off&#8220; button_two_border_radius__hover_enabled=&#8220;off&#8220; button_letter_spacing__hover_enabled=&#8220;off&#8220; button_one_letter_spacing__hover_enabled=&#8220;off&#8220; button_two_letter_spacing__hover_enabled=&#8220;off&#8220; button_bg_color__hover_enabled=&#8220;off&#8220; button_one_bg_color__hover_enabled=&#8220;off&#8220; button_two_bg_color__hover_enabled=&#8220;off&#8220; sticky_transition=&#8220;on&#8220;]<\/p>\n<div class=\"contenu\">\n<h2 style=\"text-align: left;\">Entdecken<\/strong><\/h2>\n<p style=\"text-align: justify;\">Autavaux, (Weiler mit\u00a0ca. 400 Einwohner)\u00a0 liegt in der Freiburgischen Broye, 4 Km von der mittelalterlichen Stadt <a style=\"color: #ffffff;\" href=\"https:\/\/www.estavayer-payerne.ch\/de\/\" target=\"_blank\" rel=\"noopener\">Estavayer-le-Lac<\/a> und 6 km von Payerne, mit seiner wunderbaren Abtei, entfernt.<\/p>\n<p style=\"text-align: justify;\">Unsere Liegenschaft \u00ab Les Oiseaux \u00bb befindet sich einige 100 Meter vom <a style=\"color: #ffffff;\" href=\"https:\/\/www.schweizmobil.ch\/de\/sommer.html\" target=\"_blank\" rel=\"noopener\">Fahrradweg Nr. 5<\/a> neben der <a style=\"color: #ffffff;\" href=\"https:\/\/grande-caricaie.ch\" target=\"_blank\" rel=\"noopener\">Grande Cari\u00e7aie<\/a>. Sehr viele Wander-\u00a0und Fahrradwege f\u00fchren von uns aus an die\u00a0Ufer des\u00a0Neuenburgersees mit seinen Str\u00e4nden und\u00a0\u00a0Naturschutzgebieten.<\/p>\n<p style=\"text-align: justify;\">In einer viertel Stunde sind sie am\u00a0<a style=\"color: #ffffff;\" href=\"https:\/\/www.j3l.ch\/fr\/Z10863\/morat\" target=\"_blank\" rel=\"noopener\">Murtensee<\/a> und ein kleines St\u00fcck weiter in der Stadt Murten.<br \/>Mit der Entdeckung des <a style=\"color: #ffffff;\" href=\"https:\/\/mont-vully.ch\/culture-loisirs\/curiosites\" target=\"_blank\" rel=\"noopener\">Mont Vullly<\/a> mit seinen wunderbaren <a style=\"color: #ffffff;\" href=\"http:\/\/www.vully.ch\" target=\"_blank\" rel=\"noopener\">Weinsorten<\/a>, k\u00f6nnen sie ebenfalls sch\u00f6ne Moment geniessen.<\/p>\n<p style=\"text-align: justify;\">Die\u00a0grandiose,\u00a0historische Stadt <a style=\"color: #ffffff;\" href=\"https:\/\/www.avenches.ch\/de\/\" target=\"_blank\" rel=\"noopener\">Avenches<\/a>\u00a0ist auch nur 20 Minuten von uns entfernt.\u00a0<a style=\"color: #ffffff;\" href=\"https:\/\/www.village-lacustre.ch\" target=\"_blank\" rel=\"noopener\">&lt;&lt;\u00a0Aventicum,\u00a0Hauptstadt des r\u00f6mischen Helvetiens&gt;&gt;<\/a> und im R\u00f6mer-Museum in Vallon\u00a0entdecken\u00a0sie eine Facette der spannenden\u00a0Geschichte der Region.<\/p>\n<p style=\"text-align: justify;\">F\u00fcr die <a style=\"color: #ffffff;\" href=\"https:\/\/alphasurf.ch\/\" target=\"_blank\" rel=\"noopener\">Wassersportler<\/a> ist die Stadt Estavayer-le-Lac bestens ausger\u00fcstet und hilft ihnen, mit seiner vielf\u00e4ltigen Infrastruktur, ihrer Lieblingst\u00e4tigkeit zu fr\u00f6nen.<\/p>\n<p style=\"text-align: justify;\">Je nach ihren W\u00fcnschen und Bevorzugungen werden Florence und Pierre ihnen gerne weitere Ausk\u00fcnfte erteilen.<\/p>\n<\/div>\n<p>[\/et_pb_slide][\/et_pb_fullwidth_slider][et_pb_fullwidth_code module_class=&#8220;titre&#8220; _builder_version=&#8220;4.25.1&#8243; _module_preset=&#8220;default&#8220; global_colors_info=&#8220;{}&#8220;]<\/p>\n<h1><!-- [et_pb_line_break_holder] -->  B &#038; B Les Oiseaux Bed &#038; Breakfast im Broye Freiburg<!-- [et_pb_line_break_holder] --><\/h1>\n<p>[\/et_pb_fullwidth_code][\/et_pb_section]<\/p>\n","protected":false},"excerpt":{"rendered":"<p>Entdecken Autavaux, (Weiler mit\u00a0ca. 400 Einwohner)\u00a0 liegt in der Freiburgischen Broye, 4 Km von der mittelalterlichen Stadt Estavayer-le-Lac und 6 km von Payerne, mit seiner wunderbaren Abtei, entfernt. Unsere Liegenschaft \u00ab Les Oiseaux \u00bb befindet sich einige 100 Meter vom Fahrradweg Nr. 5 neben der Grande Cari\u00e7aie. Sehr viele Wander-\u00a0und Fahrradwege f\u00fchren von uns aus [&hellip;]<\/p>\n","protected":false},"author":1,"featured_media":0,"parent":0,"menu_order":3,"comment_status":"closed","ping_status":"closed","template":"","meta":{"_et_pb_use_builder":"on","_et_pb_old_content":"","_et_gb_content_width":"","footnotes":""},"class_list":["post-1625","page","type-page","status-publish","hentry"],"yoast_head":"<!-- This site is optimized with the Yoast SEO plugin v27.4 - https:\/\/yoast.com\/product\/yoast-seo-wordpress\/ -->\n<title>B &amp; B Les Oiseaux |\u00a0Bed &amp; Breakfast im Broye Freiburg<\/title>\n<meta name=\"description\" content=\"Bed &amp; Breakfast Les Oiseaux in Autavaux in Broye Freiburg, 4 km von Estavayer-le-Lac und 6 km von Payerne entfernt.\u00a015 Minuten von Avenches und dem r\u00f6mischen Museum in Vallon entfernt.\u00a0Ein paar hundert Meter vom Schweizer Radweg Nr. 5 am Rande der Grande Cari\u00e7aie entfernt.\" \/>\n<meta name=\"robots\" content=\"index, follow, max-snippet:-1, max-image-preview:large, max-video-preview:-1\" \/>\n<link rel=\"canonical\" href=\"https:\/\/www.lesoiseaux.ch\/de\/bb-broye-freiburg-schweiz\/\" \/>\n<meta property=\"og:locale\" content=\"de_DE\" \/>\n<meta property=\"og:type\" content=\"article\" \/>\n<meta property=\"og:title\" content=\"B &amp; B Les Oiseaux |\u00a0Bed &amp; Breakfast im Broye Freiburg\" \/>\n<meta property=\"og:description\" content=\"Bed &amp; Breakfast Les Oiseaux in Autavaux in Broye Freiburg, 4 km von Estavayer-le-Lac und 6 km von Payerne entfernt.\u00a015 Minuten von Avenches und dem r\u00f6mischen Museum in Vallon entfernt.\u00a0Ein paar hundert Meter vom Schweizer Radweg Nr. 5 am Rande der Grande Cari\u00e7aie entfernt.\" \/>\n<meta property=\"og:url\" content=\"https:\/\/www.lesoiseaux.ch\/de\/bb-broye-freiburg-schweiz\/\" \/>\n<meta property=\"og:site_name\" content=\"B&amp;B Les oiseaux\" \/>\n<meta property=\"article:modified_time\" content=\"2025-03-04T12:04:33+00:00\" \/>\n<meta name=\"twitter:card\" content=\"summary_large_image\" \/>\n<meta name=\"twitter:label1\" content=\"Gesch\u00e4tzte Lesezeit\" \/>\n\t<meta name=\"twitter:data1\" content=\"1\u00a0Minute\" \/>\n<script type=\"application\/ld+json\" class=\"yoast-schema-graph\">{\"@context\":\"https:\\\/\\\/schema.org\",\"@graph\":[{\"@type\":\"WebPage\",\"@id\":\"https:\\\/\\\/www.lesoiseaux.ch\\\/de\\\/bb-broye-freiburg-schweiz\\\/\",\"url\":\"https:\\\/\\\/www.lesoiseaux.ch\\\/de\\\/bb-broye-freiburg-schweiz\\\/\",\"name\":\"B & B Les Oiseaux |\u00a0Bed & Breakfast im Broye Freiburg\",\"isPartOf\":{\"@id\":\"https:\\\/\\\/www.lesoiseaux.ch\\\/#website\"},\"datePublished\":\"2021-05-05T07:25:34+00:00\",\"dateModified\":\"2025-03-04T12:04:33+00:00\",\"description\":\"Bed & Breakfast Les Oiseaux in Autavaux in Broye Freiburg, 4 km von Estavayer-le-Lac und 6 km von Payerne entfernt.\u00a015 Minuten von Avenches und dem r\u00f6mischen Museum in Vallon entfernt.\u00a0Ein paar hundert Meter vom Schweizer Radweg Nr. 5 am Rande der Grande Cari\u00e7aie entfernt.\",\"breadcrumb\":{\"@id\":\"https:\\\/\\\/www.lesoiseaux.ch\\\/de\\\/bb-broye-freiburg-schweiz\\\/#breadcrumb\"},\"inLanguage\":\"de\",\"potentialAction\":[{\"@type\":\"ReadAction\",\"target\":[\"https:\\\/\\\/www.lesoiseaux.ch\\\/de\\\/bb-broye-freiburg-schweiz\\\/\"]}]},{\"@type\":\"BreadcrumbList\",\"@id\":\"https:\\\/\\\/www.lesoiseaux.ch\\\/de\\\/bb-broye-freiburg-schweiz\\\/#breadcrumb\",\"itemListElement\":[{\"@type\":\"ListItem\",\"position\":1,\"name\":\"Accueil\",\"item\":\"https:\\\/\\\/www.lesoiseaux.ch\\\/de\\\/\"},{\"@type\":\"ListItem\",\"position\":2,\"name\":\"Die Region\"}]},{\"@type\":\"WebSite\",\"@id\":\"https:\\\/\\\/www.lesoiseaux.ch\\\/#website\",\"url\":\"https:\\\/\\\/www.lesoiseaux.ch\\\/\",\"name\":\"B&amp;B Les oiseaux\",\"description\":\"Et si le luxe c&#039;\u00e9tait le temps ?\",\"potentialAction\":[{\"@type\":\"SearchAction\",\"target\":{\"@type\":\"EntryPoint\",\"urlTemplate\":\"https:\\\/\\\/www.lesoiseaux.ch\\\/?s={search_term_string}\"},\"query-input\":{\"@type\":\"PropertyValueSpecification\",\"valueRequired\":true,\"valueName\":\"search_term_string\"}}],\"inLanguage\":\"de\"}]}<\/script>\n<!-- \/ Yoast SEO plugin. -->","yoast_head_json":{"title":"B & B Les Oiseaux |\u00a0Bed & Breakfast im Broye Freiburg","description":"Bed & Breakfast Les Oiseaux in Autavaux in Broye Freiburg, 4 km von Estavayer-le-Lac und 6 km von Payerne entfernt.\u00a015 Minuten von Avenches und dem r\u00f6mischen Museum in Vallon entfernt.\u00a0Ein paar hundert Meter vom Schweizer Radweg Nr. 5 am Rande der Grande Cari\u00e7aie entfernt.","robots":{"index":"index","follow":"follow","max-snippet":"max-snippet:-1","max-image-preview":"max-image-preview:large","max-video-preview":"max-video-preview:-1"},"canonical":"https:\/\/www.lesoiseaux.ch\/de\/bb-broye-freiburg-schweiz\/","og_locale":"de_DE","og_type":"article","og_title":"B & B Les Oiseaux |\u00a0Bed & Breakfast im Broye Freiburg","og_description":"Bed & Breakfast Les Oiseaux in Autavaux in Broye Freiburg, 4 km von Estavayer-le-Lac und 6 km von Payerne entfernt.\u00a015 Minuten von Avenches und dem r\u00f6mischen Museum in Vallon entfernt.\u00a0Ein paar hundert Meter vom Schweizer Radweg Nr. 5 am Rande der Grande Cari\u00e7aie entfernt.","og_url":"https:\/\/www.lesoiseaux.ch\/de\/bb-broye-freiburg-schweiz\/","og_site_name":"B&amp;B Les oiseaux","article_modified_time":"2025-03-04T12:04:33+00:00","twitter_card":"summary_large_image","twitter_misc":{"Gesch\u00e4tzte Lesezeit":"1\u00a0Minute"},"schema":{"@context":"https:\/\/schema.org","@graph":[{"@type":"WebPage","@id":"https:\/\/www.lesoiseaux.ch\/de\/bb-broye-freiburg-schweiz\/","url":"https:\/\/www.lesoiseaux.ch\/de\/bb-broye-freiburg-schweiz\/","name":"B & B Les Oiseaux |\u00a0Bed & Breakfast im Broye Freiburg","isPartOf":{"@id":"https:\/\/www.lesoiseaux.ch\/#website"},"datePublished":"2021-05-05T07:25:34+00:00","dateModified":"2025-03-04T12:04:33+00:00","description":"Bed & Breakfast Les Oiseaux in Autavaux in Broye Freiburg, 4 km von Estavayer-le-Lac und 6 km von Payerne entfernt.\u00a015 Minuten von Avenches und dem r\u00f6mischen Museum in Vallon entfernt.\u00a0Ein paar hundert Meter vom Schweizer Radweg Nr. 5 am Rande der Grande Cari\u00e7aie entfernt.","breadcrumb":{"@id":"https:\/\/www.lesoiseaux.ch\/de\/bb-broye-freiburg-schweiz\/#breadcrumb"},"inLanguage":"de","potentialAction":[{"@type":"ReadAction","target":["https:\/\/www.lesoiseaux.ch\/de\/bb-broye-freiburg-schweiz\/"]}]},{"@type":"BreadcrumbList","@id":"https:\/\/www.lesoiseaux.ch\/de\/bb-broye-freiburg-schweiz\/#breadcrumb","itemListElement":[{"@type":"ListItem","position":1,"name":"Accueil","item":"https:\/\/www.lesoiseaux.ch\/de\/"},{"@type":"ListItem","position":2,"name":"Die Region"}]},{"@type":"WebSite","@id":"https:\/\/www.lesoiseaux.ch\/#website","url":"https:\/\/www.lesoiseaux.ch\/","name":"B&amp;B Les oiseaux","description":"Et si le luxe c&#039;\u00e9tait le temps ?","potentialAction":[{"@type":"SearchAction","target":{"@type":"EntryPoint","urlTemplate":"https:\/\/www.lesoiseaux.ch\/?s={search_term_string}"},"query-input":{"@type":"PropertyValueSpecification","valueRequired":true,"valueName":"search_term_string"}}],"inLanguage":"de"}]}},"_links":{"self":[{"href":"https:\/\/www.lesoiseaux.ch\/de\/wp-json\/wp\/v2\/pages\/1625","targetHints":{"allow":["GET"]}}],"collection":[{"href":"https:\/\/www.lesoiseaux.ch\/de\/wp-json\/wp\/v2\/pages"}],"about":[{"href":"https:\/\/www.lesoiseaux.ch\/de\/wp-json\/wp\/v2\/types\/page"}],"author":[{"embeddable":true,"href":"https:\/\/www.lesoiseaux.ch\/de\/wp-json\/wp\/v2\/users\/1"}],"replies":[{"embeddable":true,"href":"https:\/\/www.lesoiseaux.ch\/de\/wp-json\/wp\/v2\/comments?post=1625"}],"version-history":[{"count":10,"href":"https:\/\/www.lesoiseaux.ch\/de\/wp-json\/wp\/v2\/pages\/1625\/revisions"}],"predecessor-version":[{"id":2818,"href":"https:\/\/www.lesoiseaux.ch\/de\/wp-json\/wp\/v2\/pages\/1625\/revisions\/2818"}],"wp:attachment":[{"href":"https:\/\/www.lesoiseaux.ch\/de\/wp-json\/wp\/v2\/media?parent=1625"}],"curies":[{"name":"wp","href":"https:\/\/api.w.org\/{rel}","templated":true}]}}