{"id":1630,"date":"2021-05-05T09:28:43","date_gmt":"2021-05-05T07:28:43","guid":{"rendered":"https:\/\/www.lesoiseaux.ch\/?page_id=1630"},"modified":"2025-05-16T15:42:23","modified_gmt":"2025-05-16T13:42:23","slug":"bb-neben-der-grande-caricaie-freiburg-schweiz","status":"publish","type":"page","link":"https:\/\/www.lesoiseaux.ch\/de\/bb-neben-der-grande-caricaie-freiburg-schweiz\/","title":{"rendered":"Ihr Aufenthalt"},"content":{"rendered":"<p>[et_pb_section fb_built=&#8220;1&#8243; admin_label=&#8220;section&#8220; module_class=&#8220;back-dark&#8220; _builder_version=&#8220;4.16&#8243; background_color=&#8220;rgba(0,0,0,0.3)&#8220; background_image=&#8220;https:\/\/www.lesoiseaux.ch\/wp-content\/uploads\/2021\/04\/090A4602-min.jpg&#8220; transparent_background=&#8220;off&#8220; make_fullwidth=&#8220;off&#8220; use_custom_width=&#8220;off&#8220; width_unit=&#8220;on&#8220; custom_width_px=&#8220;1080px&#8220; custom_width_percent=&#8220;80%&#8220; global_colors_info=&#8220;{}&#8220;][et_pb_row use_custom_gutter=&#8220;on&#8220; gutter_width=&#8220;0&#8243; admin_label=&#8220;row&#8220; _builder_version=&#8220;4.27.4&#8243; background_color=&#8220;RGBA(0,0,0,0)&#8220; background_size=&#8220;initial&#8220; background_position=&#8220;top_left&#8220; background_repeat=&#8220;repeat&#8220; hover_enabled=&#8220;0&#8243; make_fullwidth=&#8220;off&#8220; use_custom_width=&#8220;off&#8220; width_unit=&#8220;on&#8220; custom_width_px=&#8220;1080px&#8220; custom_width_percent=&#8220;80%&#8220; global_colors_info=&#8220;{}&#8220; custom_padding_last_edited=&#8220;on|tablet&#8220; sticky_enabled=&#8220;0&#8243; custom_padding_tablet=&#8220;80px||||false|false&#8220; custom_padding_phone=&#8220;80px||||false|false&#8220;][et_pb_column type=&#8220;4_4&#8243; _builder_version=&#8220;4.16&#8243; background_enable_color=&#8220;off&#8220; custom_padding=&#8220;|||&#8220; global_colors_info=&#8220;{}&#8220; custom_padding__hover=&#8220;|||&#8220;][et_pb_code module_class=&#8220;titre&#8220; _builder_version=&#8220;4.25.1&#8243; _module_preset=&#8220;default&#8220; global_colors_info=&#8220;{}&#8220;]<\/p>\n<h1><!-- [et_pb_line_break_holder] -->  B &#038; B Les Oiseaux Bed &#038; Breakfast neben der Grande Cari\u00e7aie, Estavayer-le-lac<!-- [et_pb_line_break_holder] --><\/h1>\n<p>[\/et_pb_code][et_pb_text admin_label=&#8220;Texte&#8220; module_class=&#8220;Titre-home&#8220; _builder_version=&#8220;4.16&#8243; text_text_color=&#8220;#FFFFFF&#8220; header_text_color=&#8220;#FFFFFF&#8220; background_size=&#8220;initial&#8220; background_position=&#8220;top_left&#8220; background_repeat=&#8220;repeat&#8220; use_border_color=&#8220;off&#8220; border_style=&#8220;solid&#8220; global_colors_info=&#8220;{}&#8220;]<\/p>\n<div class=\"contenu\">\n<h1><strong>Leben<\/strong><\/h1>\n<p>Nach einer erholsamen Nacht\u00a0wird ihnen ein f\u00fcrstliches Fr\u00fchst\u00fcck serviert, entweder auf der\u00a0Terrasse, im Garten oder in unserem Esszimmer, ganz nach ihren W\u00fcnschen.<br \/>\u00a0Brot, Zopf, Weggli, Cuchaules (Safranbrioche),\u00a0Cerealien, frischer\u00a0Saison-Fruchtsalat, Joghurt, Bircherm\u00fcesli, Panna-Cotta, regionales und hausgemachtes P\u00f6kelfleisch, regionale K\u00e4sesorten, mehrere Hausspezialit\u00e4ten und Eier nach ihrem Wunsch zubereitet.\u00a0 \u00a0<\/p>\n<\/div>\n<p>[\/et_pb_text][et_pb_divider show_divider=&#8220;off&#8220; _builder_version=&#8220;4.27.4&#8243; _module_preset=&#8220;default&#8220; custom_margin=&#8220;10px||||false|false&#8220; global_colors_info=&#8220;{}&#8220;][\/et_pb_divider][dpdfg_filtergrid include_categories=&#8220;15&#8243; title_link=&#8220;on&#8220; show_post_meta=&#8220;off&#8220; show_content=&#8220;on&#8220; read_more=&#8220;on&#8220; read_more_text=&#8220;Mehr lesen&#8220; show_filters=&#8220;off&#8220; show_pagination=&#8220;off&#8220; items_layout=&#8220;dp-dfg-layout-list&#8220; column_gutter=&#8220;3em&#8220; row_gutter=&#8220;3em&#8220; thumb_min_width_tablet=&#8220;&#8220; thumb_min_width_phone=&#8220;&#8220; thumb_min_width_last_edited=&#8220;on|phone&#8220; thumb_width_tablet=&#8220;&#8220; thumb_width_phone=&#8220;&#8220; thumb_width_last_edited=&#8220;on|phone&#8220; _builder_version=&#8220;4.27.4&#8243; _module_preset=&#8220;default&#8220; dpdfg_entry_title_font_size=&#8220;34px&#8220; dpdfg_entry_summary_text_color=&#8220;#000000&#8243; dpdfg_entry_summary_font_size=&#8220;18px&#8220; dpdfg_filters_font_size=&#8220;15px&#8220; custom_read_more_button=&#8220;on&#8220; read_more_button_text_color=&#8220;#FFFFFF&#8220; read_more_button_bg_color=&#8220;#d6b77a&#8220; read_more_button_border_width=&#8220;0px&#8220; read_more_button_border_radius=&#8220;0px&#8220; read_more_button_icon_color=&#8220;#FFFFFF&#8220; read_more_button_alignment=&#8220;left&#8220; custom_margin=&#8220;||||false|false&#8220; custom_padding=&#8220;||||false|false&#8220; hover_enabled=&#8220;0&#8243; custom_css_free_form=&#8220;.dpdfg_filtergrid_0 .dp-dfg-layout-list .dp-dfg-item {||  padding: 20px;||  background-color: #ffffff;||}||.dp-dfg-skin-default .dp-dfg-item {||  border: none !important;||}||.dp-dfg-layout-list .dp-dfg-image, .dp-dfg-layout-list .dp-dfg-overlay {||   margin: 0 !important;||}&#8220; locked=&#8220;off&#8220; global_colors_info=&#8220;{}&#8220; overlay_icon_color=&#8220;#4fa3cf&#8220; sticky_enabled=&#8220;0&#8243;][\/dpdfg_filtergrid][\/et_pb_column][\/et_pb_row][\/et_pb_section]<\/p>\n","protected":false},"excerpt":{"rendered":"<p>Leben Nach einer erholsamen Nacht\u00a0wird ihnen ein f\u00fcrstliches Fr\u00fchst\u00fcck serviert, entweder auf der\u00a0Terrasse, im Garten oder in unserem Esszimmer, ganz nach ihren W\u00fcnschen.\u00a0Brot, Zopf, Weggli, Cuchaules (Safranbrioche),\u00a0Cerealien, frischer\u00a0Saison-Fruchtsalat, Joghurt, Bircherm\u00fcesli, Panna-Cotta, regionales und hausgemachtes P\u00f6kelfleisch, regionale K\u00e4sesorten, mehrere Hausspezialit\u00e4ten und Eier nach ihrem Wunsch zubereitet.\u00a0 \u00a0 <div class=\"et_pb_module dpdfg_filtergrid dpdfg_filtergrid_0\">\n\t\t\t\t\n\t\t\t\t\n\t\t\t\t\n\t\t\t\t\n\t\t\t\t\n\t\t\t\t\n\t\t\t\t<div class=\"et_pb_module_inner\">\n\t\t\t\t\t<!-- DPDFG Start Main Container --><div class=\"dp-dfg-container dp-dfg-layout-grid dp-dfg-skin-default dp-dfg-skin-top-filters dp-dfg-empty\" data-active-filter=\"all\" data-page=\"1\" data-found-posts=\"0\" data-post-number=\"1\" data-default-filter=\"All\" data-link-filter=\"\" data-cache=\"off\" data-ratio=\"0.71\" data-show-thumb=\"on\" data-action=\"link\" data-new-window=\"off\" data-filters=\"off\" data-date-filters=\"off\" data-multifilter=\"off|OR\" data-multilevel=\"off|AND|off\" data-sorting=\"off\" data-order=\"DESC\" data-orderby=\"date\" data-initorderby=\"date\" data-url-navigation=\"off\" data-url-history=\"on|reload\" data-ajax-filters=\"off\" data-doing-ajax=\"off\" data-module=\"dpdfg_filtergrid_0\" data-search=\"off\" data-search-position=\"above\" data-terms-tags=\"on\" data-pagination=\"on\" data-filter-method=\"default\" data-third-party=\"\" data-lightbox=\"on|||\" data-video-preview=\"off\" data-no-init=\"off\" data-st=\"on\" data-no-results=\"on\"><div class=\"dp-dfg-items\"><div class=\"dp-dfg-no-results\">No results found.<\/div><\/div><div class=\"dp-dfg-pagination dp-dfg-hide\" data-base-url=\"\/de\/wp-json\/wp\/v2\/s\/1630\/page\/\" data-url-args=\"\"><ul class=\"pagination \"><li class=\"pagination-item previous-posts dp-dfg-direction  dp-dfg-hide\"><a href=\"https:\/\/www.lesoiseaux.ch\/de\/wp-json\/wp\/v2\/pages\/1630\/\" data-page=\"1\" class=\"pagination-link\"><span class=\"et-pb-icon\">&#x34;<\/span> <\/a><\/li><li class=\"pagination-item active\"><a href=\"https:\/\/www.lesoiseaux.ch\/de\/wp-json\/wp\/v2\/pages\/1630\/\" data-page=\"1\" class=\"pagination-link dp-dfg-page\">1<\/a><\/li><li class=\"pagination-item\"><a href=\"https:\/\/www.lesoiseaux.ch\/de\/wp-json\/wp\/v2\/pages\/1630\/page\/2\/\" data-page=\"2\" class=\"pagination-link dp-dfg-page\">2<\/a><\/li><li class=\"pagination-item next-posts dp-dfg-direction \"><a href=\"https:\/\/www.lesoiseaux.ch\/de\/wp-json\/wp\/v2\/pages\/1630\/page\/2\/\" data-page=\"2\" class=\"pagination-link\">  <span class=\"et-pb-icon\">&#x35;<\/span><\/a><\/li><\/ul><\/div><!-- DPDFG End Pagination Container --><\/div><!-- DPDFG End Main Container --><div class=\"dp-dfg-data dp-dfg-hide\"><div class=\"dp-dfg-ajax-data\" data-ajax=\"{&quot;custom_query&quot;:&quot;basic&quot;,&quot;support_for&quot;:&quot;sfp&quot;,&quot;sfp_id&quot;:&quot;&quot;,&quot;include_categories&quot;:&quot;&amp;#8220;15&amp;#8243;&quot;,&quot;current_post_type&quot;:&quot;on&quot;,&quot;multiple_cpt&quot;:&quot;post&quot;,&quot;use_taxonomy_terms&quot;:&quot;off&quot;,&quot;multiple_taxonomies&quot;:&quot;category&quot;,&quot;taxonomies_relation&quot;:&quot;OR&quot;,&quot;include_terms&quot;:&quot;&quot;,&quot;terms_relation&quot;:&quot;IN&quot;,&quot;include_children_terms&quot;:&quot;on&quot;,&quot;exclude_taxonomies&quot;:&quot;category&quot;,&quot;exclude_taxonomies_relation&quot;:&quot;OR&quot;,&quot;exclude_terms&quot;:&quot;&quot;,&quot;related_taxonomies&quot;:&quot;&quot;,&quot;related_criteria&quot;:&quot;one_in_one&quot;,&quot;posts_ids&quot;:&quot;&quot;,&quot;post_number&quot;:&quot;12&quot;,&quot;offset_number&quot;:&quot;0&quot;,&quot;order&quot;:&quot;DESC&quot;,&quot;orderby&quot;:&quot;date&quot;,&quot;meta_key&quot;:&quot;&quot;,&quot;meta_type&quot;:&quot;CHAR&quot;,&quot;show_private&quot;:&quot;off&quot;,&quot;current_author&quot;:&quot;off&quot;,&quot;sticky_posts&quot;:&quot;off&quot;,&quot;remove_current_post&quot;:&quot;off&quot;,&quot;no_results&quot;:&quot;No results found.&quot;,&quot;thumbnail_action&quot;:&quot;link&quot;,&quot;gallery_cf_name&quot;:&quot;&quot;,&quot;lightbox_elements&quot;:&quot;on|||&quot;,&quot;show_thumbnail&quot;:&quot;on&quot;,&quot;thumbnail_size&quot;:&quot;400x284&quot;,&quot;t_alt&quot;:&quot;title&quot;,&quot;use_overlay&quot;:&quot;on&quot;,&quot;show_title&quot;:&quot;on&quot;,&quot;title_link&quot;:&quot;&amp;#8220;on&amp;#8220;&quot;,&quot;show_post_meta&quot;:&quot;&amp;#8220;off&amp;#8220;&quot;,&quot;meta_separator&quot;:&quot; | &quot;,&quot;show_author&quot;:&quot;on&quot;,&quot;author_prefix_text&quot;:&quot;By &quot;,&quot;show_date&quot;:&quot;off&quot;,&quot;date_format&quot;:&quot;j F Y&quot;,&quot;show_terms&quot;:&quot;off&quot;,&quot;show_terms_taxonomy&quot;:&quot;category&quot;,&quot;terms_separator&quot;:&quot;,&quot;,&quot;terms_links&quot;:&quot;on&quot;,&quot;show_comments&quot;:&quot;off&quot;,&quot;show_content&quot;:&quot;&amp;#8220;on&amp;#8220;&quot;,&quot;content_length&quot;:&quot;excerpt&quot;,&quot;truncate_content&quot;:&quot;120&quot;,&quot;truncate_excerpt&quot;:&quot;off&quot;,&quot;strip_html&quot;:&quot;on&quot;,&quot;action_button&quot;:&quot;off&quot;,&quot;action_button_text&quot;:&quot;Click Action Button&quot;,&quot;read_more&quot;:&quot;&amp;#8220;on&amp;#8220;&quot;,&quot;read_more_text&quot;:&quot;&amp;#8220;Mehr&quot;,&quot;read_more_window&quot;:&quot;off&quot;,&quot;show_custom_fields&quot;:&quot;off&quot;,&quot;custom_fields&quot;:&quot;&quot;,&quot;show_custom_content&quot;:&quot;off&quot;,&quot;custom_content_container&quot;:&quot;on&quot;,&quot;custom_url&quot;:&quot;off&quot;,&quot;custom_url_field_name&quot;:&quot;&quot;,&quot;custom_url_target&quot;:&quot;same&quot;,&quot;show_video_preview&quot;:&quot;off&quot;,&quot;video_module&quot;:&quot;off&quot;,&quot;video_action&quot;:&quot;play&quot;,&quot;video_action_priority&quot;:&quot;on&quot;,&quot;video_overlay&quot;:&quot;on&quot;,&quot;video_overlay_icon&quot;:&quot;on&quot;,&quot;video_icon&quot;:&quot;%%40%%&quot;,&quot;video_icon_color&quot;:&quot;#ffffff&quot;,&quot;video_overlay_color&quot;:&quot;rgba(0,0,0,0.6)&quot;,&quot;show_filters&quot;:&quot;&amp;#8220;off&amp;#8220;&quot;,&quot;multilevel&quot;:&quot;off&quot;,&quot;multilevel_hierarchy&quot;:&quot;off&quot;,&quot;multilevel_hierarchy_tax&quot;:&quot;[{\\&quot;name\\&quot;:\\&quot;category\\&quot;,\\&quot;label\\&quot;:\\&quot;\\&quot;,\\&quot;all\\&quot;:\\&quot;\\&quot;}]&quot;,&quot;multilevel_relation&quot;:&quot;AND&quot;,&quot;multilevel_tax_data&quot;:&quot;[{\\&quot;name\\&quot;:\\&quot;category\\&quot;,\\&quot;label\\&quot;:\\&quot;\\&quot;,\\&quot;all\\&quot;:\\&quot;\\&quot;}]&quot;,&quot;filter_children_terms&quot;:&quot;on&quot;,&quot;use_custom_terms_filters&quot;:&quot;off&quot;,&quot;filter_taxonomies&quot;:&quot;category&quot;,&quot;filter_terms&quot;:&quot;&quot;,&quot;default_filter&quot;:&quot;All&quot;,&quot;filters_order&quot;:&quot;ASC&quot;,&quot;filters_sort&quot;:&quot;id&quot;,&quot;filters_custom&quot;:&quot;&quot;,&quot;hide_all&quot;:&quot;off&quot;,&quot;all_text&quot;:&quot;All&quot;,&quot;s_df&quot;:&quot;off&quot;,&quot;df_col&quot;:&quot;post_date&quot;,&quot;s_df_y&quot;:&quot;on&quot;,&quot;s_df_m&quot;:&quot;on&quot;,&quot;filter_layout&quot;:&quot;button&quot;,&quot;multifilter&quot;:&quot;off&quot;,&quot;multifilter_relation&quot;:&quot;OR&quot;,&quot;show_sort&quot;:&quot;off&quot;,&quot;ajax_filters&quot;:&quot;off&quot;,&quot;cache_on_page&quot;:&quot;off&quot;,&quot;show_pagination&quot;:&quot;on&quot;,&quot;pagination_type&quot;:&quot;paged&quot;,&quot;ajax_load_more_text&quot;:&quot;Load More&quot;,&quot;previous_icon&quot;:&quot;%%19%%&quot;,&quot;next_icon&quot;:&quot;%%20%%&quot;,&quot;previous_text&quot;:&quot;&quot;,&quot;next_text&quot;:&quot;&quot;,&quot;pagination_pages&quot;:&quot;2&quot;,&quot;items_layout&quot;:&quot;dp-dfg-layout-grid&quot;,&quot;thumb_width&quot;:&quot;33%&quot;,&quot;items_width&quot;:&quot;20%&quot;,&quot;items_skin&quot;:&quot;dp-dfg-skin-default&quot;,&quot;primary_view&quot;:&quot;[{\\&quot;name\\&quot;:\\&quot;thumbnail\\&quot;,\\&quot;show\\&quot;:\\&quot;on\\&quot;},{\\&quot;name\\&quot;:\\&quot;overlay\\&quot;,\\&quot;show\\&quot;:\\&quot;on\\&quot;},{\\&quot;name\\&quot;:\\&quot;title\\&quot;,\\&quot;show\\&quot;:\\&quot;off\\&quot;},{\\&quot;name\\&quot;:\\&quot;meta\\&quot;,\\&quot;show\\&quot;:\\&quot;off\\&quot;},{\\&quot;name\\&quot;:\\&quot;ext\\&quot;,\\&quot;show\\&quot;:\\&quot;off\\&quot;},{\\&quot;name\\&quot;:\\&quot;content\\&quot;,\\&quot;show\\&quot;:\\&quot;off\\&quot;},{\\&quot;name\\&quot;:\\&quot;action_button\\&quot;,\\&quot;show\\&quot;:\\&quot;off\\&quot;},{\\&quot;name\\&quot;:\\&quot;read_more_button\\&quot;,\\&quot;show\\&quot;:\\&quot;off\\&quot;},{\\&quot;name\\&quot;:\\&quot;custom_content\\&quot;,\\&quot;show\\&quot;:\\&quot;off\\&quot;}]&quot;,&quot;secondary_view&quot;:&quot;[{\\&quot;name\\&quot;:\\&quot;thumbnail\\&quot;,\\&quot;show\\&quot;:\\&quot;off\\&quot;},{\\&quot;name\\&quot;:\\&quot;title\\&quot;,\\&quot;show\\&quot;:\\&quot;on\\&quot;},{\\&quot;name\\&quot;:\\&quot;meta\\&quot;,\\&quot;show\\&quot;:\\&quot;on\\&quot;},{\\&quot;name\\&quot;:\\&quot;ext\\&quot;,\\&quot;show\\&quot;:\\&quot;on\\&quot;},{\\&quot;name\\&quot;:\\&quot;content\\&quot;,\\&quot;show\\&quot;:\\&quot;on\\&quot;},{\\&quot;name\\&quot;:\\&quot;action_button\\&quot;,\\&quot;show\\&quot;:\\&quot;on\\&quot;},{\\&quot;name\\&quot;:\\&quot;read_more_button\\&quot;,\\&quot;show\\&quot;:\\&quot;on\\&quot;},{\\&quot;name\\&quot;:\\&quot;custom_content\\&quot;,\\&quot;show\\&quot;:\\&quot;on\\&quot;}]&quot;,&quot;popup_template&quot;:&quot;default&quot;,&quot;popup_link_target&quot;:&quot;none&quot;,&quot;popup_code&quot;:&quot;&quot;,&quot;use_overlay_icon&quot;:&quot;on&quot;,&quot;hover_icon&quot;:&quot;%%200%%&quot;,&quot;overlay_icon_color&quot;:&quot;#2ea3f2&quot;,&quot;hover_overlay_color&quot;:&quot;rgba(255,255,255,0.9)&quot;,&quot;show_search&quot;:&quot;off&quot;,&quot;search_position&quot;:&quot;above&quot;,&quot;orderby_search&quot;:&quot;on&quot;,&quot;relevanssi&quot;:&quot;off&quot;,&quot;bg_items&quot;:&quot;&quot;,&quot;admin_label&quot;:&quot;&quot;,&quot;module_id&quot;:&quot;&quot;,&quot;module_class&quot;:&quot;&quot;,&quot;dpdfg_entry_title_level&quot;:&quot;h2&quot;,&quot;read_more_button_icon&quot;:&quot;&quot;,&quot;action_button_icon&quot;:&quot;&quot;,&quot;the_ID&quot;:0,&quot;the_author&quot;:1,&quot;seed&quot;:4478,&quot;query_context&quot;:&quot;initial_query&quot;,&quot;conditional_tags&quot;:{&quot;is_user_logged_in&quot;:&quot;off&quot;,&quot;is_front_page&quot;:&quot;off&quot;,&quot;is_singular&quot;:&quot;off&quot;,&quot;is_archive&quot;:&quot;off&quot;,&quot;is_search&quot;:&quot;off&quot;,&quot;is_tax&quot;:&quot;off&quot;,&quot;is_author&quot;:&quot;off&quot;,&quot;is_date&quot;:&quot;off&quot;,&quot;is_post_type&quot;:&quot;off&quot;},&quot;query_var&quot;:{&quot;s&quot;:&quot;&quot;,&quot;year&quot;:&quot;&quot;,&quot;monthnum&quot;:&quot;&quot;,&quot;day&quot;:&quot;&quot;,&quot;post_type&quot;:&quot;&quot;},&quot;custom_data&quot;:[]}\"><\/div><div class=\"dp-dfg-no-results-data\"><div class=\"dp-dfg-no-results\">No results found.<\/div><\/div><div class=\"dp-dfg-loader-data\"><\/div><\/div>\n\t\t\t\t<\/div>\n\t\t\t<\/div><\/p>\n","protected":false},"author":1,"featured_media":0,"parent":0,"menu_order":4,"comment_status":"closed","ping_status":"closed","template":"","meta":{"_et_pb_use_builder":"on","_et_pb_old_content":"","_et_gb_content_width":"","footnotes":""},"class_list":["post-1630","page","type-page","status-publish","hentry"],"yoast_head":"<!-- This site is optimized with the Yoast SEO plugin v27.4 - https:\/\/yoast.com\/product\/yoast-seo-wordpress\/ -->\n<title>B &amp; B Les Oiseaux |\u00a0Bed &amp; Breakfast neben der Grande Cari\u00e7aie<\/title>\n<meta name=\"description\" content=\"Das Bed &amp; Breakfast Les Oiseaux in Autavaux in der N\u00e4he von Estavayer-le-lac im Kanton Freiburg in der Schweiz und neben der Grande Cari\u00e7aie bietet Ihnen einen Picknickkorb f\u00fcr einen Spaziergang, einen elektrischen Fahrradverleih und einen Moment des Wohlbefindens in unserem Spa.\" \/>\n<meta name=\"robots\" content=\"index, follow, max-snippet:-1, max-image-preview:large, max-video-preview:-1\" \/>\n<link rel=\"canonical\" href=\"https:\/\/www.lesoiseaux.ch\/en\/bb-la-grande-caricaie-friborg-switzerland\/\" \/>\n<meta property=\"og:locale\" content=\"de_DE\" \/>\n<meta property=\"og:type\" content=\"article\" \/>\n<meta property=\"og:title\" content=\"B &amp; B Les Oiseaux |\u00a0Bed &amp; Breakfast neben der Grande Cari\u00e7aie\" \/>\n<meta property=\"og:description\" content=\"Das Bed &amp; Breakfast Les Oiseaux in Autavaux in der N\u00e4he von Estavayer-le-lac im Kanton Freiburg in der Schweiz und neben der Grande Cari\u00e7aie bietet Ihnen einen Picknickkorb f\u00fcr einen Spaziergang, einen elektrischen Fahrradverleih und einen Moment des Wohlbefindens in unserem Spa.\" \/>\n<meta property=\"og:url\" content=\"https:\/\/www.lesoiseaux.ch\/en\/bb-la-grande-caricaie-friborg-switzerland\/\" \/>\n<meta property=\"og:site_name\" content=\"B&amp;B Les oiseaux\" \/>\n<meta property=\"article:modified_time\" content=\"2025-05-16T13:42:23+00:00\" \/>\n<meta name=\"twitter:card\" content=\"summary_large_image\" \/>\n<meta name=\"twitter:label1\" content=\"Gesch\u00e4tzte Lesezeit\" \/>\n\t<meta name=\"twitter:data1\" content=\"1\u00a0Minute\" \/>\n<script type=\"application\/ld+json\" class=\"yoast-schema-graph\">{\"@context\":\"https:\\\/\\\/schema.org\",\"@graph\":[{\"@type\":\"WebPage\",\"@id\":\"https:\\\/\\\/www.lesoiseaux.ch\\\/en\\\/bb-la-grande-caricaie-friborg-switzerland\\\/\",\"url\":\"https:\\\/\\\/www.lesoiseaux.ch\\\/en\\\/bb-la-grande-caricaie-friborg-switzerland\\\/\",\"name\":\"B & B Les Oiseaux |\u00a0Bed & Breakfast neben der Grande Cari\u00e7aie\",\"isPartOf\":{\"@id\":\"https:\\\/\\\/www.lesoiseaux.ch\\\/#website\"},\"datePublished\":\"2021-05-05T07:28:43+00:00\",\"dateModified\":\"2025-05-16T13:42:23+00:00\",\"description\":\"Das Bed & Breakfast Les Oiseaux in Autavaux in der N\u00e4he von Estavayer-le-lac im Kanton Freiburg in der Schweiz und neben der Grande Cari\u00e7aie bietet Ihnen einen Picknickkorb f\u00fcr einen Spaziergang, einen elektrischen Fahrradverleih und einen Moment des Wohlbefindens in unserem Spa.\",\"breadcrumb\":{\"@id\":\"https:\\\/\\\/www.lesoiseaux.ch\\\/en\\\/bb-la-grande-caricaie-friborg-switzerland\\\/#breadcrumb\"},\"inLanguage\":\"de\",\"potentialAction\":[{\"@type\":\"ReadAction\",\"target\":[\"https:\\\/\\\/www.lesoiseaux.ch\\\/en\\\/bb-la-grande-caricaie-friborg-switzerland\\\/\"]}]},{\"@type\":\"BreadcrumbList\",\"@id\":\"https:\\\/\\\/www.lesoiseaux.ch\\\/en\\\/bb-la-grande-caricaie-friborg-switzerland\\\/#breadcrumb\",\"itemListElement\":[{\"@type\":\"ListItem\",\"position\":1,\"name\":\"Accueil\",\"item\":\"https:\\\/\\\/www.lesoiseaux.ch\\\/de\\\/\"},{\"@type\":\"ListItem\",\"position\":2,\"name\":\"Ihr Aufenthalt\"}]},{\"@type\":\"WebSite\",\"@id\":\"https:\\\/\\\/www.lesoiseaux.ch\\\/#website\",\"url\":\"https:\\\/\\\/www.lesoiseaux.ch\\\/\",\"name\":\"B&amp;B Les oiseaux\",\"description\":\"Et si le luxe c&#039;\u00e9tait le temps ?\",\"potentialAction\":[{\"@type\":\"SearchAction\",\"target\":{\"@type\":\"EntryPoint\",\"urlTemplate\":\"https:\\\/\\\/www.lesoiseaux.ch\\\/?s={search_term_string}\"},\"query-input\":{\"@type\":\"PropertyValueSpecification\",\"valueRequired\":true,\"valueName\":\"search_term_string\"}}],\"inLanguage\":\"de\"}]}<\/script>\n<!-- \/ Yoast SEO plugin. -->","yoast_head_json":{"title":"B & B Les Oiseaux |\u00a0Bed & Breakfast neben der Grande Cari\u00e7aie","description":"Das Bed & Breakfast Les Oiseaux in Autavaux in der N\u00e4he von Estavayer-le-lac im Kanton Freiburg in der Schweiz und neben der Grande Cari\u00e7aie bietet Ihnen einen Picknickkorb f\u00fcr einen Spaziergang, einen elektrischen Fahrradverleih und einen Moment des Wohlbefindens in unserem Spa.","robots":{"index":"index","follow":"follow","max-snippet":"max-snippet:-1","max-image-preview":"max-image-preview:large","max-video-preview":"max-video-preview:-1"},"canonical":"https:\/\/www.lesoiseaux.ch\/en\/bb-la-grande-caricaie-friborg-switzerland\/","og_locale":"de_DE","og_type":"article","og_title":"B & B Les Oiseaux |\u00a0Bed & Breakfast neben der Grande Cari\u00e7aie","og_description":"Das Bed & Breakfast Les Oiseaux in Autavaux in der N\u00e4he von Estavayer-le-lac im Kanton Freiburg in der Schweiz und neben der Grande Cari\u00e7aie bietet Ihnen einen Picknickkorb f\u00fcr einen Spaziergang, einen elektrischen Fahrradverleih und einen Moment des Wohlbefindens in unserem Spa.","og_url":"https:\/\/www.lesoiseaux.ch\/en\/bb-la-grande-caricaie-friborg-switzerland\/","og_site_name":"B&amp;B Les oiseaux","article_modified_time":"2025-05-16T13:42:23+00:00","twitter_card":"summary_large_image","twitter_misc":{"Gesch\u00e4tzte Lesezeit":"1\u00a0Minute"},"schema":{"@context":"https:\/\/schema.org","@graph":[{"@type":"WebPage","@id":"https:\/\/www.lesoiseaux.ch\/en\/bb-la-grande-caricaie-friborg-switzerland\/","url":"https:\/\/www.lesoiseaux.ch\/en\/bb-la-grande-caricaie-friborg-switzerland\/","name":"B & B Les Oiseaux |\u00a0Bed & Breakfast neben der Grande Cari\u00e7aie","isPartOf":{"@id":"https:\/\/www.lesoiseaux.ch\/#website"},"datePublished":"2021-05-05T07:28:43+00:00","dateModified":"2025-05-16T13:42:23+00:00","description":"Das Bed & Breakfast Les Oiseaux in Autavaux in der N\u00e4he von Estavayer-le-lac im Kanton Freiburg in der Schweiz und neben der Grande Cari\u00e7aie bietet Ihnen einen Picknickkorb f\u00fcr einen Spaziergang, einen elektrischen Fahrradverleih und einen Moment des Wohlbefindens in unserem Spa.","breadcrumb":{"@id":"https:\/\/www.lesoiseaux.ch\/en\/bb-la-grande-caricaie-friborg-switzerland\/#breadcrumb"},"inLanguage":"de","potentialAction":[{"@type":"ReadAction","target":["https:\/\/www.lesoiseaux.ch\/en\/bb-la-grande-caricaie-friborg-switzerland\/"]}]},{"@type":"BreadcrumbList","@id":"https:\/\/www.lesoiseaux.ch\/en\/bb-la-grande-caricaie-friborg-switzerland\/#breadcrumb","itemListElement":[{"@type":"ListItem","position":1,"name":"Accueil","item":"https:\/\/www.lesoiseaux.ch\/de\/"},{"@type":"ListItem","position":2,"name":"Ihr Aufenthalt"}]},{"@type":"WebSite","@id":"https:\/\/www.lesoiseaux.ch\/#website","url":"https:\/\/www.lesoiseaux.ch\/","name":"B&amp;B Les oiseaux","description":"Et si le luxe c&#039;\u00e9tait le temps ?","potentialAction":[{"@type":"SearchAction","target":{"@type":"EntryPoint","urlTemplate":"https:\/\/www.lesoiseaux.ch\/?s={search_term_string}"},"query-input":{"@type":"PropertyValueSpecification","valueRequired":true,"valueName":"search_term_string"}}],"inLanguage":"de"}]}},"_links":{"self":[{"href":"https:\/\/www.lesoiseaux.ch\/de\/wp-json\/wp\/v2\/pages\/1630","targetHints":{"allow":["GET"]}}],"collection":[{"href":"https:\/\/www.lesoiseaux.ch\/de\/wp-json\/wp\/v2\/pages"}],"about":[{"href":"https:\/\/www.lesoiseaux.ch\/de\/wp-json\/wp\/v2\/types\/page"}],"author":[{"embeddable":true,"href":"https:\/\/www.lesoiseaux.ch\/de\/wp-json\/wp\/v2\/users\/1"}],"replies":[{"embeddable":true,"href":"https:\/\/www.lesoiseaux.ch\/de\/wp-json\/wp\/v2\/comments?post=1630"}],"version-history":[{"count":11,"href":"https:\/\/www.lesoiseaux.ch\/de\/wp-json\/wp\/v2\/pages\/1630\/revisions"}],"predecessor-version":[{"id":2983,"href":"https:\/\/www.lesoiseaux.ch\/de\/wp-json\/wp\/v2\/pages\/1630\/revisions\/2983"}],"wp:attachment":[{"href":"https:\/\/www.lesoiseaux.ch\/de\/wp-json\/wp\/v2\/media?parent=1630"}],"curies":[{"name":"wp","href":"https:\/\/api.w.org\/{rel}","templated":true}]}}