{"id":356,"date":"2021-03-09T16:29:54","date_gmt":"2021-03-09T15:29:54","guid":{"rendered":"https:\/\/www.lesoiseaux.ch\/?page_id=356"},"modified":"2025-03-04T11:58:13","modified_gmt":"2025-03-04T10:58:13","slug":"page-d-exemple","status":"publish","type":"page","link":"https:\/\/www.lesoiseaux.ch\/de\/","title":{"rendered":"Home"},"content":{"rendered":"<p>[et_pb_section fb_built=&#8220;1&#8243; fullwidth=&#8220;on&#8220; _builder_version=&#8220;4.16&#8243; background_enable_color=&#8220;off&#8220; custom_margin=&#8220;0px||||false|false&#8220; custom_padding=&#8220;0px||||false|false&#8220; global_colors_info=&#8220;{}&#8220;][et_pb_fullwidth_slider show_pagination=&#8220;off&#8220; disabled_on=&#8220;on|on|off&#8220; _builder_version=&#8220;4.16&#8243; background_enable_color=&#8220;off&#8220; custom_margin=&#8220;||||false|false&#8220; custom_padding=&#8220;||||false|false&#8220; animation_direction=&#8220;bottom&#8220; link_option_url=&#8220;#row1&#8243; global_colors_info=&#8220;{}&#8220; button_text_size__hover_enabled=&#8220;off&#8220; button_one_text_size__hover_enabled=&#8220;off&#8220; button_two_text_size__hover_enabled=&#8220;off&#8220; button_text_color__hover_enabled=&#8220;off&#8220; button_one_text_color__hover_enabled=&#8220;off&#8220; button_two_text_color__hover_enabled=&#8220;off&#8220; button_border_width__hover_enabled=&#8220;off&#8220; button_one_border_width__hover_enabled=&#8220;off&#8220; button_two_border_width__hover_enabled=&#8220;off&#8220; button_border_color__hover_enabled=&#8220;off&#8220; button_one_border_color__hover_enabled=&#8220;off&#8220; button_two_border_color__hover_enabled=&#8220;off&#8220; button_border_radius__hover_enabled=&#8220;off&#8220; button_one_border_radius__hover_enabled=&#8220;off&#8220; button_two_border_radius__hover_enabled=&#8220;off&#8220; button_letter_spacing__hover_enabled=&#8220;off&#8220; button_one_letter_spacing__hover_enabled=&#8220;off&#8220; button_two_letter_spacing__hover_enabled=&#8220;off&#8220; button_bg_color__hover_enabled=&#8220;off&#8220; button_one_bg_color__hover_enabled=&#8220;off&#8220; button_two_bg_color__hover_enabled=&#8220;off&#8220;][et_pb_slide use_bg_overlay=&#8220;on&#8220; bg_overlay_color=&#8220;rgba(0,0,0,0.1)&#8220; use_text_overlay=&#8220;off&#8220; _builder_version=&#8220;4.16&#8243; background_enable_color=&#8220;on&#8220; background_image=&#8220;https:\/\/www.lesoiseaux.ch\/wp-content\/uploads\/2021\/04\/090A4640-min.jpg&#8220; background_enable_image=&#8220;on&#8220; button_on_hover=&#8220;on&#8220; text_orientation=&#8220;left&#8220; global_colors_info=&#8220;{}&#8220; button_text_size__hover_enabled=&#8220;off&#8220; button_one_text_size__hover_enabled=&#8220;off&#8220; button_two_text_size__hover_enabled=&#8220;off&#8220; button_text_color__hover_enabled=&#8220;off&#8220; button_one_text_color__hover_enabled=&#8220;off&#8220; button_two_text_color__hover_enabled=&#8220;off&#8220; button_border_width__hover_enabled=&#8220;off&#8220; button_one_border_width__hover_enabled=&#8220;off&#8220; button_two_border_width__hover_enabled=&#8220;off&#8220; button_border_color__hover_enabled=&#8220;off&#8220; button_one_border_color__hover_enabled=&#8220;off&#8220; button_two_border_color__hover_enabled=&#8220;off&#8220; button_border_radius__hover_enabled=&#8220;off&#8220; button_one_border_radius__hover_enabled=&#8220;off&#8220; button_two_border_radius__hover_enabled=&#8220;off&#8220; button_letter_spacing__hover_enabled=&#8220;off&#8220; button_one_letter_spacing__hover_enabled=&#8220;off&#8220; button_two_letter_spacing__hover_enabled=&#8220;off&#8220; button_bg_color__hover_enabled=&#8220;off&#8220; button_one_bg_color__hover_enabled=&#8220;off&#8220; button_two_bg_color__hover_enabled=&#8220;off&#8220; sticky_transition=&#8220;on&#8220;]<\/p>\n<p><img decoding=\"async\" class=\"wp-image-317 active\" style=\"margin: 0px auto 20px; width: 350px; display: block;\" src=\"https:\/\/www.lesoiseaux.ch\/wp-content\/uploads\/2021\/04\/lesoiseaux-w.png\" alt=\"\" width=\"auto\" height=\"132\" \/><\/p>\n<h1 class=\"sous-titre\" style=\"text-align: center;\"><\/h1>\n<h1 class=\"sous-titre\" style=\"text-align: center;\"><\/h1>\n<h1 class=\"sous-titre\" style=\"text-align: center;\">\u2026und wenn die Zeit Luxus w\u00e4re\u00a0?<\/h1>\n<p>[\/et_pb_slide][\/et_pb_fullwidth_slider][et_pb_fullwidth_slider show_pagination=&#8220;off&#8220; disabled_on=&#8220;off|off|on&#8220; _builder_version=&#8220;4.16&#8243; background_enable_color=&#8220;off&#8220; custom_margin=&#8220;||||false|false&#8220; custom_padding=&#8220;||||false|false&#8220; animation_direction=&#8220;bottom&#8220; link_option_url=&#8220;#row1&#8243; global_colors_info=&#8220;{}&#8220; button_text_size__hover_enabled=&#8220;off&#8220; button_one_text_size__hover_enabled=&#8220;off&#8220; button_two_text_size__hover_enabled=&#8220;off&#8220; button_text_color__hover_enabled=&#8220;off&#8220; button_one_text_color__hover_enabled=&#8220;off&#8220; button_two_text_color__hover_enabled=&#8220;off&#8220; button_border_width__hover_enabled=&#8220;off&#8220; button_one_border_width__hover_enabled=&#8220;off&#8220; button_two_border_width__hover_enabled=&#8220;off&#8220; button_border_color__hover_enabled=&#8220;off&#8220; button_one_border_color__hover_enabled=&#8220;off&#8220; button_two_border_color__hover_enabled=&#8220;off&#8220; button_border_radius__hover_enabled=&#8220;off&#8220; button_one_border_radius__hover_enabled=&#8220;off&#8220; button_two_border_radius__hover_enabled=&#8220;off&#8220; button_letter_spacing__hover_enabled=&#8220;off&#8220; button_one_letter_spacing__hover_enabled=&#8220;off&#8220; button_two_letter_spacing__hover_enabled=&#8220;off&#8220; button_bg_color__hover_enabled=&#8220;off&#8220; button_one_bg_color__hover_enabled=&#8220;off&#8220; button_two_bg_color__hover_enabled=&#8220;off&#8220;][et_pb_slide use_bg_overlay=&#8220;on&#8220; bg_overlay_color=&#8220;rgba(0,0,0,0.1)&#8220; use_text_overlay=&#8220;off&#8220; _builder_version=&#8220;4.16&#8243; background_enable_color=&#8220;on&#8220; background_image=&#8220;https:\/\/www.lesoiseaux.ch\/wp-content\/uploads\/2021\/04\/090A4640-min.jpg&#8220; background_enable_image=&#8220;on&#8220; button_on_hover=&#8220;on&#8220; text_orientation=&#8220;left&#8220; global_colors_info=&#8220;{}&#8220; button_text_size__hover_enabled=&#8220;off&#8220; button_one_text_size__hover_enabled=&#8220;off&#8220; button_two_text_size__hover_enabled=&#8220;off&#8220; button_text_color__hover_enabled=&#8220;off&#8220; button_one_text_color__hover_enabled=&#8220;off&#8220; button_two_text_color__hover_enabled=&#8220;off&#8220; button_border_width__hover_enabled=&#8220;off&#8220; button_one_border_width__hover_enabled=&#8220;off&#8220; button_two_border_width__hover_enabled=&#8220;off&#8220; button_border_color__hover_enabled=&#8220;off&#8220; button_one_border_color__hover_enabled=&#8220;off&#8220; button_two_border_color__hover_enabled=&#8220;off&#8220; button_border_radius__hover_enabled=&#8220;off&#8220; button_one_border_radius__hover_enabled=&#8220;off&#8220; button_two_border_radius__hover_enabled=&#8220;off&#8220; button_letter_spacing__hover_enabled=&#8220;off&#8220; button_one_letter_spacing__hover_enabled=&#8220;off&#8220; button_two_letter_spacing__hover_enabled=&#8220;off&#8220; button_bg_color__hover_enabled=&#8220;off&#8220; button_one_bg_color__hover_enabled=&#8220;off&#8220; button_two_bg_color__hover_enabled=&#8220;off&#8220; sticky_transition=&#8220;on&#8220;]<\/p>\n<p><img decoding=\"async\" class=\"wp-image-317 active\" style=\"margin: 0px auto 20px; width: 350px; display: block;\" src=\"https:\/\/www.lesoiseaux.ch\/wp-content\/uploads\/2021\/04\/lesoiseaux-w.png\" alt=\"\" width=\"auto\" height=\"132\" \/><\/p>\n<h1 class=\"sous-titre\" style=\"text-align: center;\"><\/h1>\n<h1 class=\"sous-titre\" style=\"text-align: center;\"><\/h1>\n<h1 class=\"sous-titre\" style=\"text-align: center;\">\u2026und wenn die Zeit Luxus w\u00e4re\u00a0?<\/h1>\n<p>[\/et_pb_slide][\/et_pb_fullwidth_slider][et_pb_fullwidth_code _builder_version=&#8220;4.25.1&#8243; _module_preset=&#8220;default&#8220; module_class=&#8220;titre&#8220; hover_enabled=&#8220;0&#8243; sticky_enabled=&#8220;0&#8243;]<\/p>\n<h1><!-- [et_pb_line_break_holder] -->  B &#038; B Les Oiseaux Bed &#038; Breakfast in Estavayer-le-Lac, Schweiz<!-- [et_pb_line_break_holder] --><\/h1>\n<p>[\/et_pb_fullwidth_code][\/et_pb_section]<\/p>\n","protected":false},"excerpt":{"rendered":"<p>\u2026und wenn die Zeit Luxus w\u00e4re\u00a0? \u2026und wenn die Zeit Luxus w\u00e4re\u00a0?<\/p>\n","protected":false},"author":1,"featured_media":0,"parent":0,"menu_order":1,"comment_status":"closed","ping_status":"closed","template":"","meta":{"_et_pb_use_builder":"on","_et_pb_old_content":"<!-- wp:paragraph -->\r\n<p>Ceci est une page d\u2019exemple. C\u2019est diff\u00e9rent d\u2019un article de blog parce qu\u2019elle restera au m\u00eame endroit et appara\u00eetra dans la navigation de votre site (dans la plupart des th\u00e8mes). La plupart des gens commencent par une page \u00ab\u00a0\u00c0 propos\u00a0\u00bb qui les pr\u00e9sente aux personnes visitant du site. Cela pourrait ressembler \u00e0 quelque chose comme cela\u00a0:<\/p>\r\n<!-- \/wp:paragraph -->\r\n\r\n<!-- wp:quote -->\r\n<blockquote class=\"wp-block-quote\"><p>Bonjour\u00a0! Je suis un m\u00e9canicien qui aspire \u00e0 devenir acteur, et voici mon site. J\u2019habite \u00e0 Bordeaux, j\u2019ai un super chien baptis\u00e9 Russell, et j\u2019aime la vodka (ainsi qu\u2019\u00eatre surpris par la pluie soudaine lors de longues balades sur la plage au coucher du soleil).<\/p><\/blockquote>\r\n<!-- \/wp:quote -->\r\n\r\n<!-- wp:paragraph -->\r\n<p>\u2026ou quelque chose comme cela\u00a0:<\/p>\r\n<!-- \/wp:paragraph -->\r\n\r\n<!-- wp:quote -->\r\n<blockquote class=\"wp-block-quote\"><p>La soci\u00e9t\u00e9 123 Machin Truc a \u00e9t\u00e9 cr\u00e9\u00e9e en 1971, et n\u2019a cess\u00e9 de proposer au public des machins-trucs de qualit\u00e9 depuis lors. Situ\u00e9e \u00e0 Saint-Remy-en-Bouzemont-Saint-Genest-et-Isson, 123 Machin Truc emploie 2 000 personnes, et fabrique toutes sortes de bidules supers pour la communaut\u00e9 bouzemontoise.<\/p><\/blockquote>\r\n<!-- \/wp:quote -->\r\n\r\n<!-- wp:paragraph -->\r\n<p>En tant que nouvel utilisateur ou utilisatrice de WordPress, vous devriez vous rendre sur <a href=\"https:\/\/www.lesoiseaux.ch\/wp-admin\/\">votre tableau de bord<\/a> pour supprimer cette page et cr\u00e9er de nouvelles pages pour votre contenu. Amusez-vous bien\u00a0!<\/p>\r\n<!-- \/wp:paragraph -->","_et_gb_content_width":"","footnotes":""},"class_list":["post-356","page","type-page","status-publish","hentry"],"yoast_head":"<!-- This site is optimized with the Yoast SEO plugin v27.4 - https:\/\/yoast.com\/product\/yoast-seo-wordpress\/ -->\n<title>B &amp; B Les Oiseaux |\u00a0Bed &amp; Breakfast in Estavayer-le-Lac, Schweiz<\/title>\n<meta name=\"description\" content=\"Das Bed &amp; Breakfast Les Oiseaux in Autavaux, 4 km von der mittelalterlichen Stadt Estavayer-le-lac im Kanton Freiburg in der Schweiz entfernt, hei\u00dft Sie in seiner gr\u00fcnen Umgebung mit Leichtigkeit willkommen.\u00a0Gourmet-Fr\u00fchst\u00fcck, Gartenprodukte.\u00a0Spa.\u00a0Elektrofahrr\u00e4der.\u00a0Aktivit\u00e4ten und Workshops.\" \/>\n<meta name=\"robots\" content=\"index, follow, max-snippet:-1, max-image-preview:large, max-video-preview:-1\" \/>\n<link rel=\"canonical\" href=\"https:\/\/www.lesoiseaux.ch\/de\/\" \/>\n<meta property=\"og:locale\" content=\"de_DE\" \/>\n<meta property=\"og:type\" content=\"article\" \/>\n<meta property=\"og:title\" content=\"B &amp; B Les Oiseaux |\u00a0Bed &amp; Breakfast in Estavayer-le-Lac, Schweiz\" \/>\n<meta property=\"og:description\" content=\"Das Bed &amp; Breakfast Les Oiseaux in Autavaux, 4 km von der mittelalterlichen Stadt Estavayer-le-lac im Kanton Freiburg in der Schweiz entfernt, hei\u00dft Sie in seiner gr\u00fcnen Umgebung mit Leichtigkeit willkommen.\u00a0Gourmet-Fr\u00fchst\u00fcck, Gartenprodukte.\u00a0Spa.\u00a0Elektrofahrr\u00e4der.\u00a0Aktivit\u00e4ten und Workshops.\" \/>\n<meta property=\"og:url\" content=\"https:\/\/www.lesoiseaux.ch\/de\/\" \/>\n<meta property=\"og:site_name\" content=\"B&amp;B Les oiseaux\" \/>\n<meta property=\"article:modified_time\" content=\"2025-03-04T10:58:13+00:00\" \/>\n<meta property=\"og:image\" content=\"https:\/\/www.lesoiseaux.ch\/wp-content\/uploads\/2021\/04\/lesoiseaux-w.png\" \/>\n<meta name=\"twitter:card\" content=\"summary_large_image\" \/>\n<meta name=\"twitter:label1\" content=\"Gesch\u00e4tzte Lesezeit\" \/>\n\t<meta name=\"twitter:data1\" content=\"1\u00a0Minute\" \/>\n<script type=\"application\/ld+json\" class=\"yoast-schema-graph\">{\"@context\":\"https:\\\/\\\/schema.org\",\"@graph\":[{\"@type\":\"WebPage\",\"@id\":\"https:\\\/\\\/www.lesoiseaux.ch\\\/de\\\/\",\"url\":\"https:\\\/\\\/www.lesoiseaux.ch\\\/de\\\/\",\"name\":\"B & B Les Oiseaux |\u00a0Bed & Breakfast in Estavayer-le-Lac, Schweiz\",\"isPartOf\":{\"@id\":\"https:\\\/\\\/www.lesoiseaux.ch\\\/#website\"},\"primaryImageOfPage\":{\"@id\":\"https:\\\/\\\/www.lesoiseaux.ch\\\/de\\\/#primaryimage\"},\"image\":{\"@id\":\"https:\\\/\\\/www.lesoiseaux.ch\\\/de\\\/#primaryimage\"},\"thumbnailUrl\":\"https:\\\/\\\/www.lesoiseaux.ch\\\/wp-content\\\/uploads\\\/2021\\\/04\\\/lesoiseaux-w.png\",\"datePublished\":\"2021-03-09T15:29:54+00:00\",\"dateModified\":\"2025-03-04T10:58:13+00:00\",\"description\":\"Das Bed & Breakfast Les Oiseaux in Autavaux, 4 km von der mittelalterlichen Stadt Estavayer-le-lac im Kanton Freiburg in der Schweiz entfernt, hei\u00dft Sie in seiner gr\u00fcnen Umgebung mit Leichtigkeit willkommen.\u00a0Gourmet-Fr\u00fchst\u00fcck, Gartenprodukte.\u00a0Spa.\u00a0Elektrofahrr\u00e4der.\u00a0Aktivit\u00e4ten und Workshops.\",\"breadcrumb\":{\"@id\":\"https:\\\/\\\/www.lesoiseaux.ch\\\/de\\\/#breadcrumb\"},\"inLanguage\":\"de\",\"potentialAction\":[{\"@type\":\"ReadAction\",\"target\":[\"https:\\\/\\\/www.lesoiseaux.ch\\\/de\\\/\"]}]},{\"@type\":\"ImageObject\",\"inLanguage\":\"de\",\"@id\":\"https:\\\/\\\/www.lesoiseaux.ch\\\/de\\\/#primaryimage\",\"url\":\"https:\\\/\\\/www.lesoiseaux.ch\\\/wp-content\\\/uploads\\\/2021\\\/04\\\/lesoiseaux-w.png\",\"contentUrl\":\"https:\\\/\\\/www.lesoiseaux.ch\\\/wp-content\\\/uploads\\\/2021\\\/04\\\/lesoiseaux-w.png\"},{\"@type\":\"BreadcrumbList\",\"@id\":\"https:\\\/\\\/www.lesoiseaux.ch\\\/de\\\/#breadcrumb\",\"itemListElement\":[{\"@type\":\"ListItem\",\"position\":1,\"name\":\"Accueil\",\"item\":\"https:\\\/\\\/www.lesoiseaux.ch\\\/de\\\/\"},{\"@type\":\"ListItem\",\"position\":2,\"name\":\"Home\"}]},{\"@type\":\"WebSite\",\"@id\":\"https:\\\/\\\/www.lesoiseaux.ch\\\/#website\",\"url\":\"https:\\\/\\\/www.lesoiseaux.ch\\\/\",\"name\":\"B&amp;B Les oiseaux\",\"description\":\"Et si le luxe c&#039;\u00e9tait le temps ?\",\"potentialAction\":[{\"@type\":\"SearchAction\",\"target\":{\"@type\":\"EntryPoint\",\"urlTemplate\":\"https:\\\/\\\/www.lesoiseaux.ch\\\/?s={search_term_string}\"},\"query-input\":{\"@type\":\"PropertyValueSpecification\",\"valueRequired\":true,\"valueName\":\"search_term_string\"}}],\"inLanguage\":\"de\"}]}<\/script>\n<!-- \/ Yoast SEO plugin. -->","yoast_head_json":{"title":"B & B Les Oiseaux |\u00a0Bed & Breakfast in Estavayer-le-Lac, Schweiz","description":"Das Bed & Breakfast Les Oiseaux in Autavaux, 4 km von der mittelalterlichen Stadt Estavayer-le-lac im Kanton Freiburg in der Schweiz entfernt, hei\u00dft Sie in seiner gr\u00fcnen Umgebung mit Leichtigkeit willkommen.\u00a0Gourmet-Fr\u00fchst\u00fcck, Gartenprodukte.\u00a0Spa.\u00a0Elektrofahrr\u00e4der.\u00a0Aktivit\u00e4ten und Workshops.","robots":{"index":"index","follow":"follow","max-snippet":"max-snippet:-1","max-image-preview":"max-image-preview:large","max-video-preview":"max-video-preview:-1"},"canonical":"https:\/\/www.lesoiseaux.ch\/de\/","og_locale":"de_DE","og_type":"article","og_title":"B & B Les Oiseaux |\u00a0Bed & Breakfast in Estavayer-le-Lac, Schweiz","og_description":"Das Bed & Breakfast Les Oiseaux in Autavaux, 4 km von der mittelalterlichen Stadt Estavayer-le-lac im Kanton Freiburg in der Schweiz entfernt, hei\u00dft Sie in seiner gr\u00fcnen Umgebung mit Leichtigkeit willkommen.\u00a0Gourmet-Fr\u00fchst\u00fcck, Gartenprodukte.\u00a0Spa.\u00a0Elektrofahrr\u00e4der.\u00a0Aktivit\u00e4ten und Workshops.","og_url":"https:\/\/www.lesoiseaux.ch\/de\/","og_site_name":"B&amp;B Les oiseaux","article_modified_time":"2025-03-04T10:58:13+00:00","og_image":[{"url":"https:\/\/www.lesoiseaux.ch\/wp-content\/uploads\/2021\/04\/lesoiseaux-w.png","type":"","width":"","height":""}],"twitter_card":"summary_large_image","twitter_misc":{"Gesch\u00e4tzte Lesezeit":"1\u00a0Minute"},"schema":{"@context":"https:\/\/schema.org","@graph":[{"@type":"WebPage","@id":"https:\/\/www.lesoiseaux.ch\/de\/","url":"https:\/\/www.lesoiseaux.ch\/de\/","name":"B & B Les Oiseaux |\u00a0Bed & Breakfast in Estavayer-le-Lac, Schweiz","isPartOf":{"@id":"https:\/\/www.lesoiseaux.ch\/#website"},"primaryImageOfPage":{"@id":"https:\/\/www.lesoiseaux.ch\/de\/#primaryimage"},"image":{"@id":"https:\/\/www.lesoiseaux.ch\/de\/#primaryimage"},"thumbnailUrl":"https:\/\/www.lesoiseaux.ch\/wp-content\/uploads\/2021\/04\/lesoiseaux-w.png","datePublished":"2021-03-09T15:29:54+00:00","dateModified":"2025-03-04T10:58:13+00:00","description":"Das Bed & Breakfast Les Oiseaux in Autavaux, 4 km von der mittelalterlichen Stadt Estavayer-le-lac im Kanton Freiburg in der Schweiz entfernt, hei\u00dft Sie in seiner gr\u00fcnen Umgebung mit Leichtigkeit willkommen.\u00a0Gourmet-Fr\u00fchst\u00fcck, Gartenprodukte.\u00a0Spa.\u00a0Elektrofahrr\u00e4der.\u00a0Aktivit\u00e4ten und Workshops.","breadcrumb":{"@id":"https:\/\/www.lesoiseaux.ch\/de\/#breadcrumb"},"inLanguage":"de","potentialAction":[{"@type":"ReadAction","target":["https:\/\/www.lesoiseaux.ch\/de\/"]}]},{"@type":"ImageObject","inLanguage":"de","@id":"https:\/\/www.lesoiseaux.ch\/de\/#primaryimage","url":"https:\/\/www.lesoiseaux.ch\/wp-content\/uploads\/2021\/04\/lesoiseaux-w.png","contentUrl":"https:\/\/www.lesoiseaux.ch\/wp-content\/uploads\/2021\/04\/lesoiseaux-w.png"},{"@type":"BreadcrumbList","@id":"https:\/\/www.lesoiseaux.ch\/de\/#breadcrumb","itemListElement":[{"@type":"ListItem","position":1,"name":"Accueil","item":"https:\/\/www.lesoiseaux.ch\/de\/"},{"@type":"ListItem","position":2,"name":"Home"}]},{"@type":"WebSite","@id":"https:\/\/www.lesoiseaux.ch\/#website","url":"https:\/\/www.lesoiseaux.ch\/","name":"B&amp;B Les oiseaux","description":"Et si le luxe c&#039;\u00e9tait le temps ?","potentialAction":[{"@type":"SearchAction","target":{"@type":"EntryPoint","urlTemplate":"https:\/\/www.lesoiseaux.ch\/?s={search_term_string}"},"query-input":{"@type":"PropertyValueSpecification","valueRequired":true,"valueName":"search_term_string"}}],"inLanguage":"de"}]}},"_links":{"self":[{"href":"https:\/\/www.lesoiseaux.ch\/de\/wp-json\/wp\/v2\/pages\/356","targetHints":{"allow":["GET"]}}],"collection":[{"href":"https:\/\/www.lesoiseaux.ch\/de\/wp-json\/wp\/v2\/pages"}],"about":[{"href":"https:\/\/www.lesoiseaux.ch\/de\/wp-json\/wp\/v2\/types\/page"}],"author":[{"embeddable":true,"href":"https:\/\/www.lesoiseaux.ch\/de\/wp-json\/wp\/v2\/users\/1"}],"replies":[{"embeddable":true,"href":"https:\/\/www.lesoiseaux.ch\/de\/wp-json\/wp\/v2\/comments?post=356"}],"version-history":[{"count":9,"href":"https:\/\/www.lesoiseaux.ch\/de\/wp-json\/wp\/v2\/pages\/356\/revisions"}],"predecessor-version":[{"id":2797,"href":"https:\/\/www.lesoiseaux.ch\/de\/wp-json\/wp\/v2\/pages\/356\/revisions\/2797"}],"wp:attachment":[{"href":"https:\/\/www.lesoiseaux.ch\/de\/wp-json\/wp\/v2\/media?parent=356"}],"curies":[{"name":"wp","href":"https:\/\/api.w.org\/{rel}","templated":true}]}}