{"id":351,"date":"2021-02-15T12:08:35","date_gmt":"2021-02-15T11:08:35","guid":{"rendered":"https:\/\/www.lesoiseaux.ch\/?page_id=351"},"modified":"2025-03-04T11:54:36","modified_gmt":"2025-03-04T10:54:36","slug":"en","status":"publish","type":"page","link":"https:\/\/www.lesoiseaux.ch\/en\/","title":{"rendered":"Home"},"content":{"rendered":"<p>[et_pb_section fb_built=&#8221;1&#8243; fullwidth=&#8221;on&#8221; _builder_version=&#8221;4.16&#8243; background_enable_color=&#8221;off&#8221; custom_margin=&#8221;0px||||false|false&#8221; custom_padding=&#8221;0px||||false|false&#8221; global_colors_info=&#8221;{}&#8221;][et_pb_fullwidth_slider show_pagination=&#8221;off&#8221; disabled_on=&#8221;on|on|off&#8221; _builder_version=&#8221;4.16&#8243; background_enable_color=&#8221;off&#8221; custom_margin=&#8221;||||false|false&#8221; custom_padding=&#8221;||||false|false&#8221; animation_direction=&#8221;bottom&#8221; link_option_url=&#8221;#row1&#8243; global_colors_info=&#8221;{}&#8221; button_text_size__hover_enabled=&#8221;off&#8221; button_one_text_size__hover_enabled=&#8221;off&#8221; button_two_text_size__hover_enabled=&#8221;off&#8221; button_text_color__hover_enabled=&#8221;off&#8221; button_one_text_color__hover_enabled=&#8221;off&#8221; button_two_text_color__hover_enabled=&#8221;off&#8221; button_border_width__hover_enabled=&#8221;off&#8221; button_one_border_width__hover_enabled=&#8221;off&#8221; button_two_border_width__hover_enabled=&#8221;off&#8221; button_border_color__hover_enabled=&#8221;off&#8221; button_one_border_color__hover_enabled=&#8221;off&#8221; button_two_border_color__hover_enabled=&#8221;off&#8221; button_border_radius__hover_enabled=&#8221;off&#8221; button_one_border_radius__hover_enabled=&#8221;off&#8221; button_two_border_radius__hover_enabled=&#8221;off&#8221; button_letter_spacing__hover_enabled=&#8221;off&#8221; button_one_letter_spacing__hover_enabled=&#8221;off&#8221; button_two_letter_spacing__hover_enabled=&#8221;off&#8221; button_bg_color__hover_enabled=&#8221;off&#8221; button_one_bg_color__hover_enabled=&#8221;off&#8221; button_two_bg_color__hover_enabled=&#8221;off&#8221;][et_pb_slide use_bg_overlay=&#8221;on&#8221; bg_overlay_color=&#8221;rgba(0,0,0,0.1)&#8221; use_text_overlay=&#8221;off&#8221; _builder_version=&#8221;4.16&#8243; background_enable_color=&#8221;on&#8221; background_image=&#8221;https:\/\/www.lesoiseaux.ch\/wp-content\/uploads\/2021\/04\/090A4640-min.jpg&#8221; background_enable_image=&#8221;on&#8221; button_on_hover=&#8221;on&#8221; text_orientation=&#8221;left&#8221; global_colors_info=&#8221;{}&#8221; button_text_size__hover_enabled=&#8221;off&#8221; button_one_text_size__hover_enabled=&#8221;off&#8221; button_two_text_size__hover_enabled=&#8221;off&#8221; button_text_color__hover_enabled=&#8221;off&#8221; button_one_text_color__hover_enabled=&#8221;off&#8221; button_two_text_color__hover_enabled=&#8221;off&#8221; button_border_width__hover_enabled=&#8221;off&#8221; button_one_border_width__hover_enabled=&#8221;off&#8221; button_two_border_width__hover_enabled=&#8221;off&#8221; button_border_color__hover_enabled=&#8221;off&#8221; button_one_border_color__hover_enabled=&#8221;off&#8221; button_two_border_color__hover_enabled=&#8221;off&#8221; button_border_radius__hover_enabled=&#8221;off&#8221; button_one_border_radius__hover_enabled=&#8221;off&#8221; button_two_border_radius__hover_enabled=&#8221;off&#8221; button_letter_spacing__hover_enabled=&#8221;off&#8221; button_one_letter_spacing__hover_enabled=&#8221;off&#8221; button_two_letter_spacing__hover_enabled=&#8221;off&#8221; button_bg_color__hover_enabled=&#8221;off&#8221; button_one_bg_color__hover_enabled=&#8221;off&#8221; button_two_bg_color__hover_enabled=&#8221;off&#8221; sticky_transition=&#8221;on&#8221;]<\/p>\n<p><img decoding=\"async\" class=\"wp-image-317 active\" style=\"margin: 0px auto 20px; width: 350px; display: block;\" src=\"https:\/\/www.lesoiseaux.ch\/wp-content\/uploads\/2021\/04\/lesoiseaux-w.png\" alt=\"\" width=\"auto\" height=\"132\" \/><\/p>\n<h1 class=\"sous-titre\" style=\"text-align: center;\"><\/h1>\n<h1 class=\"sous-titre\" style=\"text-align: center;\"><\/h1>\n<h1 class=\"sous-titre\" style=\"text-align: center;\">What if time was the ultimate luxury?<\/h1>\n<p>[\/et_pb_slide][\/et_pb_fullwidth_slider][et_pb_fullwidth_slider show_pagination=&#8221;off&#8221; disabled_on=&#8221;off|off|on&#8221; _builder_version=&#8221;4.16&#8243; background_enable_color=&#8221;off&#8221; custom_margin=&#8221;||||false|false&#8221; custom_padding=&#8221;||||false|false&#8221; animation_direction=&#8221;bottom&#8221; link_option_url=&#8221;#row1&#8243; global_colors_info=&#8221;{}&#8221; button_text_size__hover_enabled=&#8221;off&#8221; button_one_text_size__hover_enabled=&#8221;off&#8221; button_two_text_size__hover_enabled=&#8221;off&#8221; button_text_color__hover_enabled=&#8221;off&#8221; button_one_text_color__hover_enabled=&#8221;off&#8221; button_two_text_color__hover_enabled=&#8221;off&#8221; button_border_width__hover_enabled=&#8221;off&#8221; button_one_border_width__hover_enabled=&#8221;off&#8221; button_two_border_width__hover_enabled=&#8221;off&#8221; button_border_color__hover_enabled=&#8221;off&#8221; button_one_border_color__hover_enabled=&#8221;off&#8221; button_two_border_color__hover_enabled=&#8221;off&#8221; button_border_radius__hover_enabled=&#8221;off&#8221; button_one_border_radius__hover_enabled=&#8221;off&#8221; button_two_border_radius__hover_enabled=&#8221;off&#8221; button_letter_spacing__hover_enabled=&#8221;off&#8221; button_one_letter_spacing__hover_enabled=&#8221;off&#8221; button_two_letter_spacing__hover_enabled=&#8221;off&#8221; button_bg_color__hover_enabled=&#8221;off&#8221; button_one_bg_color__hover_enabled=&#8221;off&#8221; button_two_bg_color__hover_enabled=&#8221;off&#8221;][et_pb_slide use_bg_overlay=&#8221;on&#8221; bg_overlay_color=&#8221;rgba(0,0,0,0.1)&#8221; use_text_overlay=&#8221;off&#8221; _builder_version=&#8221;4.16&#8243; background_enable_color=&#8221;on&#8221; background_image=&#8221;https:\/\/www.lesoiseaux.ch\/wp-content\/uploads\/2021\/04\/090A4640-min.jpg&#8221; background_enable_image=&#8221;on&#8221; button_on_hover=&#8221;on&#8221; text_orientation=&#8221;left&#8221; global_colors_info=&#8221;{}&#8221; button_text_size__hover_enabled=&#8221;off&#8221; button_one_text_size__hover_enabled=&#8221;off&#8221; button_two_text_size__hover_enabled=&#8221;off&#8221; button_text_color__hover_enabled=&#8221;off&#8221; button_one_text_color__hover_enabled=&#8221;off&#8221; button_two_text_color__hover_enabled=&#8221;off&#8221; button_border_width__hover_enabled=&#8221;off&#8221; button_one_border_width__hover_enabled=&#8221;off&#8221; button_two_border_width__hover_enabled=&#8221;off&#8221; button_border_color__hover_enabled=&#8221;off&#8221; button_one_border_color__hover_enabled=&#8221;off&#8221; button_two_border_color__hover_enabled=&#8221;off&#8221; button_border_radius__hover_enabled=&#8221;off&#8221; button_one_border_radius__hover_enabled=&#8221;off&#8221; button_two_border_radius__hover_enabled=&#8221;off&#8221; button_letter_spacing__hover_enabled=&#8221;off&#8221; button_one_letter_spacing__hover_enabled=&#8221;off&#8221; button_two_letter_spacing__hover_enabled=&#8221;off&#8221; button_bg_color__hover_enabled=&#8221;off&#8221; button_one_bg_color__hover_enabled=&#8221;off&#8221; button_two_bg_color__hover_enabled=&#8221;off&#8221; sticky_transition=&#8221;on&#8221;]<\/p>\n<p><img decoding=\"async\" class=\"wp-image-317 active\" style=\"margin: 0px auto 20px; width: 350px; display: block;\" src=\"https:\/\/www.lesoiseaux.ch\/wp-content\/uploads\/2021\/04\/lesoiseaux-w.png\" alt=\"\" width=\"auto\" height=\"132\" \/><\/p>\n<h1 class=\"sous-titre\" style=\"text-align: center;\"><\/h1>\n<h1 class=\"sous-titre\" style=\"text-align: center;\"><\/h1>\n<h1 class=\"sous-titre\" style=\"text-align: center;\">What if time was the ultimate luxury?<\/h1>\n<p>[\/et_pb_slide][\/et_pb_fullwidth_slider][et_pb_fullwidth_code disabled_on=&#8221;off|off|off&#8221; _builder_version=&#8221;4.25.1&#8243; _module_preset=&#8221;default&#8221; hover_enabled=&#8221;0&#8243; global_colors_info=&#8221;{}&#8221; module_class=&#8221;titre&#8221; sticky_enabled=&#8221;0&#8243;]<\/p>\n<h1>B&#038;B Les Oiseaux Bed and Breakfast in Estavayer-le-lac, Switzerland<\/h1>\n<p>[\/et_pb_fullwidth_code][\/et_pb_section]<\/p>\n","protected":false},"excerpt":{"rendered":"<p>What if time was the ultimate luxury? What if time was the ultimate luxury?<\/p>\n","protected":false},"author":1,"featured_media":0,"parent":0,"menu_order":1,"comment_status":"closed","ping_status":"closed","template":"","meta":{"_et_pb_use_builder":"on","_et_pb_old_content":"<!-- wp:paragraph -->\r\n<p>Ceci est une page d\u2019exemple. C\u2019est diff\u00e9rent d\u2019un article de blog parce qu\u2019elle restera au m\u00eame endroit et appara\u00eetra dans la navigation de votre site (dans la plupart des th\u00e8mes). La plupart des gens commencent par une page \u00ab\u00a0\u00c0 propos\u00a0\u00bb qui les pr\u00e9sente aux personnes visitant du site. Cela pourrait ressembler \u00e0 quelque chose comme cela\u00a0:<\/p>\r\n<!-- \/wp:paragraph -->\r\n\r\n<!-- wp:quote -->\r\n<blockquote class=\"wp-block-quote\"><p>Bonjour\u00a0! Je suis un m\u00e9canicien qui aspire \u00e0 devenir acteur, et voici mon site. J\u2019habite \u00e0 Bordeaux, j\u2019ai un super chien baptis\u00e9 Russell, et j\u2019aime la vodka (ainsi qu\u2019\u00eatre surpris par la pluie soudaine lors de longues balades sur la plage au coucher du soleil).<\/p><\/blockquote>\r\n<!-- \/wp:quote -->\r\n\r\n<!-- wp:paragraph -->\r\n<p>\u2026ou quelque chose comme cela\u00a0:<\/p>\r\n<!-- \/wp:paragraph -->\r\n\r\n<!-- wp:quote -->\r\n<blockquote class=\"wp-block-quote\"><p>La soci\u00e9t\u00e9 123 Machin Truc a \u00e9t\u00e9 cr\u00e9\u00e9e en 1971, et n\u2019a cess\u00e9 de proposer au public des machins-trucs de qualit\u00e9 depuis lors. Situ\u00e9e \u00e0 Saint-Remy-en-Bouzemont-Saint-Genest-et-Isson, 123 Machin Truc emploie 2 000 personnes, et fabrique toutes sortes de bidules supers pour la communaut\u00e9 bouzemontoise.<\/p><\/blockquote>\r\n<!-- \/wp:quote -->\r\n\r\n<!-- wp:paragraph -->\r\n<p>En tant que nouvel utilisateur ou utilisatrice de WordPress, vous devriez vous rendre sur <a href=\"https:\/\/www.lesoiseaux.ch\/wp-admin\/\">votre tableau de bord<\/a> pour supprimer cette page et cr\u00e9er de nouvelles pages pour votre contenu. Amusez-vous bien\u00a0!<\/p>\r\n<!-- \/wp:paragraph -->","_et_gb_content_width":"","footnotes":""},"class_list":["post-351","page","type-page","status-publish","hentry"],"yoast_head":"<!-- This site is optimized with the Yoast SEO plugin v27.4 - https:\/\/yoast.com\/product\/yoast-seo-wordpress\/ -->\n<title>B&amp;B Les Oiseaux |\u00a0Bed and breakfast in Estavayer-le-lac, Switzerland<\/title>\n<meta name=\"description\" content=\"Bed &amp; Breakfast Les Oiseaux, located in Autavaux, 4 km from the medieval city of Estavayer-le-lac in the canton of Friborg in Switzerland, welcomes you with ease in its green setting.\u00a0Gourmet breakfast, garden products.\u00a0Spa.\u00a0Electric bikes.\u00a0Activities and workshops.\" \/>\n<meta name=\"robots\" content=\"index, follow, max-snippet:-1, max-image-preview:large, max-video-preview:-1\" \/>\n<link rel=\"canonical\" href=\"https:\/\/www.lesoiseaux.ch\/en\/\" \/>\n<meta property=\"og:locale\" content=\"en_US\" \/>\n<meta property=\"og:type\" content=\"article\" \/>\n<meta property=\"og:title\" content=\"B&amp;B Les Oiseaux |\u00a0Bed and breakfast in Estavayer-le-lac, Switzerland\" \/>\n<meta property=\"og:description\" content=\"Bed &amp; Breakfast Les Oiseaux, located in Autavaux, 4 km from the medieval city of Estavayer-le-lac in the canton of Friborg in Switzerland, welcomes you with ease in its green setting.\u00a0Gourmet breakfast, garden products.\u00a0Spa.\u00a0Electric bikes.\u00a0Activities and workshops.\" \/>\n<meta property=\"og:url\" content=\"https:\/\/www.lesoiseaux.ch\/en\/\" \/>\n<meta property=\"og:site_name\" content=\"B&amp;B Les oiseaux\" \/>\n<meta property=\"article:modified_time\" content=\"2025-03-04T10:54:36+00:00\" \/>\n<meta property=\"og:image\" content=\"https:\/\/www.lesoiseaux.ch\/wp-content\/uploads\/2021\/04\/lesoiseaux-w.png\" \/>\n<meta name=\"twitter:card\" content=\"summary_large_image\" \/>\n<meta name=\"twitter:label1\" content=\"Est. reading time\" \/>\n\t<meta name=\"twitter:data1\" content=\"1 minute\" \/>\n<script type=\"application\/ld+json\" class=\"yoast-schema-graph\">{\"@context\":\"https:\\\/\\\/schema.org\",\"@graph\":[{\"@type\":\"WebPage\",\"@id\":\"https:\\\/\\\/www.lesoiseaux.ch\\\/en\\\/\",\"url\":\"https:\\\/\\\/www.lesoiseaux.ch\\\/en\\\/\",\"name\":\"B&B Les Oiseaux |\u00a0Bed and breakfast in Estavayer-le-lac, Switzerland\",\"isPartOf\":{\"@id\":\"https:\\\/\\\/www.lesoiseaux.ch\\\/#website\"},\"primaryImageOfPage\":{\"@id\":\"https:\\\/\\\/www.lesoiseaux.ch\\\/en\\\/#primaryimage\"},\"image\":{\"@id\":\"https:\\\/\\\/www.lesoiseaux.ch\\\/en\\\/#primaryimage\"},\"thumbnailUrl\":\"https:\\\/\\\/www.lesoiseaux.ch\\\/wp-content\\\/uploads\\\/2021\\\/04\\\/lesoiseaux-w.png\",\"datePublished\":\"2021-02-15T11:08:35+00:00\",\"dateModified\":\"2025-03-04T10:54:36+00:00\",\"description\":\"Bed & Breakfast Les Oiseaux, located in Autavaux, 4 km from the medieval city of Estavayer-le-lac in the canton of Friborg in Switzerland, welcomes you with ease in its green setting.\u00a0Gourmet breakfast, garden products.\u00a0Spa.\u00a0Electric bikes.\u00a0Activities and workshops.\",\"breadcrumb\":{\"@id\":\"https:\\\/\\\/www.lesoiseaux.ch\\\/en\\\/#breadcrumb\"},\"inLanguage\":\"en-US\",\"potentialAction\":[{\"@type\":\"ReadAction\",\"target\":[\"https:\\\/\\\/www.lesoiseaux.ch\\\/en\\\/\"]}]},{\"@type\":\"ImageObject\",\"inLanguage\":\"en-US\",\"@id\":\"https:\\\/\\\/www.lesoiseaux.ch\\\/en\\\/#primaryimage\",\"url\":\"https:\\\/\\\/www.lesoiseaux.ch\\\/wp-content\\\/uploads\\\/2021\\\/04\\\/lesoiseaux-w.png\",\"contentUrl\":\"https:\\\/\\\/www.lesoiseaux.ch\\\/wp-content\\\/uploads\\\/2021\\\/04\\\/lesoiseaux-w.png\"},{\"@type\":\"BreadcrumbList\",\"@id\":\"https:\\\/\\\/www.lesoiseaux.ch\\\/en\\\/#breadcrumb\",\"itemListElement\":[{\"@type\":\"ListItem\",\"position\":1,\"name\":\"Accueil\",\"item\":\"https:\\\/\\\/www.lesoiseaux.ch\\\/en\\\/\"},{\"@type\":\"ListItem\",\"position\":2,\"name\":\"Home\"}]},{\"@type\":\"WebSite\",\"@id\":\"https:\\\/\\\/www.lesoiseaux.ch\\\/#website\",\"url\":\"https:\\\/\\\/www.lesoiseaux.ch\\\/\",\"name\":\"B&amp;B Les oiseaux\",\"description\":\"Et si le luxe c&#039;\u00e9tait le temps ?\",\"potentialAction\":[{\"@type\":\"SearchAction\",\"target\":{\"@type\":\"EntryPoint\",\"urlTemplate\":\"https:\\\/\\\/www.lesoiseaux.ch\\\/?s={search_term_string}\"},\"query-input\":{\"@type\":\"PropertyValueSpecification\",\"valueRequired\":true,\"valueName\":\"search_term_string\"}}],\"inLanguage\":\"en-US\"}]}<\/script>\n<!-- \/ Yoast SEO plugin. -->","yoast_head_json":{"title":"B&B Les Oiseaux |\u00a0Bed and breakfast in Estavayer-le-lac, Switzerland","description":"Bed & Breakfast Les Oiseaux, located in Autavaux, 4 km from the medieval city of Estavayer-le-lac in the canton of Friborg in Switzerland, welcomes you with ease in its green setting.\u00a0Gourmet breakfast, garden products.\u00a0Spa.\u00a0Electric bikes.\u00a0Activities and workshops.","robots":{"index":"index","follow":"follow","max-snippet":"max-snippet:-1","max-image-preview":"max-image-preview:large","max-video-preview":"max-video-preview:-1"},"canonical":"https:\/\/www.lesoiseaux.ch\/en\/","og_locale":"en_US","og_type":"article","og_title":"B&B Les Oiseaux |\u00a0Bed and breakfast in Estavayer-le-lac, Switzerland","og_description":"Bed & Breakfast Les Oiseaux, located in Autavaux, 4 km from the medieval city of Estavayer-le-lac in the canton of Friborg in Switzerland, welcomes you with ease in its green setting.\u00a0Gourmet breakfast, garden products.\u00a0Spa.\u00a0Electric bikes.\u00a0Activities and workshops.","og_url":"https:\/\/www.lesoiseaux.ch\/en\/","og_site_name":"B&amp;B Les oiseaux","article_modified_time":"2025-03-04T10:54:36+00:00","og_image":[{"url":"https:\/\/www.lesoiseaux.ch\/wp-content\/uploads\/2021\/04\/lesoiseaux-w.png","type":"","width":"","height":""}],"twitter_card":"summary_large_image","twitter_misc":{"Est. reading time":"1 minute"},"schema":{"@context":"https:\/\/schema.org","@graph":[{"@type":"WebPage","@id":"https:\/\/www.lesoiseaux.ch\/en\/","url":"https:\/\/www.lesoiseaux.ch\/en\/","name":"B&B Les Oiseaux |\u00a0Bed and breakfast in Estavayer-le-lac, Switzerland","isPartOf":{"@id":"https:\/\/www.lesoiseaux.ch\/#website"},"primaryImageOfPage":{"@id":"https:\/\/www.lesoiseaux.ch\/en\/#primaryimage"},"image":{"@id":"https:\/\/www.lesoiseaux.ch\/en\/#primaryimage"},"thumbnailUrl":"https:\/\/www.lesoiseaux.ch\/wp-content\/uploads\/2021\/04\/lesoiseaux-w.png","datePublished":"2021-02-15T11:08:35+00:00","dateModified":"2025-03-04T10:54:36+00:00","description":"Bed & Breakfast Les Oiseaux, located in Autavaux, 4 km from the medieval city of Estavayer-le-lac in the canton of Friborg in Switzerland, welcomes you with ease in its green setting.\u00a0Gourmet breakfast, garden products.\u00a0Spa.\u00a0Electric bikes.\u00a0Activities and workshops.","breadcrumb":{"@id":"https:\/\/www.lesoiseaux.ch\/en\/#breadcrumb"},"inLanguage":"en-US","potentialAction":[{"@type":"ReadAction","target":["https:\/\/www.lesoiseaux.ch\/en\/"]}]},{"@type":"ImageObject","inLanguage":"en-US","@id":"https:\/\/www.lesoiseaux.ch\/en\/#primaryimage","url":"https:\/\/www.lesoiseaux.ch\/wp-content\/uploads\/2021\/04\/lesoiseaux-w.png","contentUrl":"https:\/\/www.lesoiseaux.ch\/wp-content\/uploads\/2021\/04\/lesoiseaux-w.png"},{"@type":"BreadcrumbList","@id":"https:\/\/www.lesoiseaux.ch\/en\/#breadcrumb","itemListElement":[{"@type":"ListItem","position":1,"name":"Accueil","item":"https:\/\/www.lesoiseaux.ch\/en\/"},{"@type":"ListItem","position":2,"name":"Home"}]},{"@type":"WebSite","@id":"https:\/\/www.lesoiseaux.ch\/#website","url":"https:\/\/www.lesoiseaux.ch\/","name":"B&amp;B Les oiseaux","description":"Et si le luxe c&#039;\u00e9tait le temps ?","potentialAction":[{"@type":"SearchAction","target":{"@type":"EntryPoint","urlTemplate":"https:\/\/www.lesoiseaux.ch\/?s={search_term_string}"},"query-input":{"@type":"PropertyValueSpecification","valueRequired":true,"valueName":"search_term_string"}}],"inLanguage":"en-US"}]}},"_links":{"self":[{"href":"https:\/\/www.lesoiseaux.ch\/en\/wp-json\/wp\/v2\/pages\/351","targetHints":{"allow":["GET"]}}],"collection":[{"href":"https:\/\/www.lesoiseaux.ch\/en\/wp-json\/wp\/v2\/pages"}],"about":[{"href":"https:\/\/www.lesoiseaux.ch\/en\/wp-json\/wp\/v2\/types\/page"}],"author":[{"embeddable":true,"href":"https:\/\/www.lesoiseaux.ch\/en\/wp-json\/wp\/v2\/users\/1"}],"replies":[{"embeddable":true,"href":"https:\/\/www.lesoiseaux.ch\/en\/wp-json\/wp\/v2\/comments?post=351"}],"version-history":[{"count":32,"href":"https:\/\/www.lesoiseaux.ch\/en\/wp-json\/wp\/v2\/pages\/351\/revisions"}],"predecessor-version":[{"id":2793,"href":"https:\/\/www.lesoiseaux.ch\/en\/wp-json\/wp\/v2\/pages\/351\/revisions\/2793"}],"wp:attachment":[{"href":"https:\/\/www.lesoiseaux.ch\/en\/wp-json\/wp\/v2\/media?parent=351"}],"curies":[{"name":"wp","href":"https:\/\/api.w.org\/{rel}","templated":true}]}}